{"id":2252,"date":"2025-05-21T21:36:55","date_gmt":"2025-05-21T18:36:55","guid":{"rendered":"https:\/\/www.shop.teropuha.com\/en\/?post_type=product&#038;p=2252"},"modified":"2025-10-12T00:12:37","modified_gmt":"2025-10-11T21:12:37","slug":"love-lust-set","status":"publish","type":"product","link":"https:\/\/www.shop.teropuha.com\/fi\/shop\/audiovisual\/love-lust-set\/","title":{"rendered":"Love &amp; Lust Museum Boutique Set"},"content":{"rendered":"<p>Get some Finnish Pop Art History!<\/p>\n<p>This special set includes three Love and Lust Boutique products:<\/p>\n<p>(Cheryl) Love Sugar (to erase inhibitions)<\/p>\n<p>Big Boobs Pills (for easy breast enhancement)<\/p>\n<p>Victims of Pleasure Audio CD<\/p>\n<p>Koe upeat kappaleet, jotka Linda Lust ja Cheryl Love levyttiv\u00e4t uransa huipulla!<br \/>\nAudio CD with 3 tracks + 24-page colour booklet (Offset printed)<\/p>\n<p>Kappaleet<br \/>\nIntro<br \/>\nVictims of Pleasure<br \/>\nIn the Hands of Destiny<br \/>\nNymphomania<br \/>\nOutro<\/p>\n<p>Vihkossa on laulujen sanat ja el\u00e4m\u00e4kerrat. Sis\u00e4lt\u00e4\u00e4 my\u00f6s tietoa heid\u00e4n tunnetuimmista elokuvistaan, kuten Dangerous Obsession ja Illegal Ecstasy!<\/p>","protected":false},"excerpt":{"rendered":"<p>Get some Finnish Pop Art History! This special set includes three Love and Lust Boutique products: (Cheryl) Love Sugar (to erase inhibitions) Big Boobs Pills (for easy breast enhancement) Victims of Pleasure Audio CD Experience the amazing songs Linda Lust and Cheryl Love recorded during their heyday! Audio CD with 3 tracks + 24-page colour [&hellip;]<\/p>\n","protected":false},"featured_media":2253,"template":"","meta":{"_uag_custom_page_level_css":"","site-sidebar-layout":"default","site-content-layout":"default","ast-site-content-layout":"default","site-content-style":"default","site-sidebar-style":"default","ast-global-header-display":"","ast-banner-title-visibility":"","ast-main-header-display":"","ast-hfb-above-header-display":"","ast-hfb-below-header-display":"","ast-hfb-mobile-header-display":"","site-post-title":"","ast-breadcrumbs-content":"","ast-featured-img":"","footer-sml-layout":"","ast-disable-related-posts":"","theme-transparent-header-meta":"default","adv-header-id-meta":"","stick-header-meta":"default","header-above-stick-meta":"","header-main-stick-meta":"","header-below-stick-meta":"","astra-migrate-meta-layouts":"set","ast-page-background-enabled":"default","ast-page-background-meta":{"desktop":{"background-color":"var(--ast-global-color-4)","background-image":"","background-repeat":"repeat","background-position":"center center","background-size":"auto","background-attachment":"scroll","background-type":"","background-media":"","overlay-type":"","overlay-color":"","overlay-opacity":"","overlay-gradient":""},"tablet":{"background-color":"","background-image":"","background-repeat":"repeat","background-position":"center center","background-size":"auto","background-attachment":"scroll","background-type":"","background-media":"","overlay-type":"","overlay-color":"","overlay-opacity":"","overlay-gradient":""},"mobile":{"background-color":"","background-image":"","background-repeat":"repeat","background-position":"center center","background-size":"auto","background-attachment":"scroll","background-type":"","background-media":"","overlay-type":"","overlay-color":"","overlay-opacity":"","overlay-gradient":""}},"ast-content-background-meta":{"desktop":{"background-color":"var(--ast-global-color-5)","background-image":"","background-repeat":"repeat","background-position":"center center","background-size":"auto","background-attachment":"scroll","background-type":"","background-media":"","overlay-type":"","overlay-color":"","overlay-opacity":"","overlay-gradient":""},"tablet":{"background-color":"var(--ast-global-color-5)","background-image":"","background-repeat":"repeat","background-position":"center center","background-size":"auto","background-attachment":"scroll","background-type":"","background-media":"","overlay-type":"","overlay-color":"","overlay-opacity":"","overlay-gradient":""},"mobile":{"background-color":"var(--ast-global-color-5)","background-image":"","background-repeat":"repeat","background-position":"center center","background-size":"auto","background-attachment":"scroll","background-type":"","background-media":"","overlay-type":"","overlay-color":"","overlay-opacity":"","overlay-gradient":""}}},"product_brand":[],"product_cat":[19,62,61],"product_tag":[],"class_list":{"0":"post-2252","1":"product","2":"type-product","3":"status-publish","4":"has-post-thumbnail","6":"product_cat-audiovisual","7":"product_cat-frontpage","8":"product_cat-products","9":"desktop-align-center","10":"tablet-align-left","11":"mobile-align-center","12":"ast-product-gallery-layout-horizontal-slider","13":"ast-magnify-disabled","14":"ast-product-tabs-layout-distributed","16":"first","17":"instock","18":"taxable","19":"shipping-taxable","20":"purchasable","21":"product-type-simple"},"yoast_head":"<!-- This site is optimized with the Yoast SEO plugin v27.1.1 - https:\/\/yoast.com\/product\/yoast-seo-wordpress\/ -->\n<title>Love &amp; Lust Museum Boutique Set - Tero Puha Online Store<\/title>\n<meta name=\"robots\" content=\"index, follow, max-snippet:-1, max-image-preview:large, max-video-preview:-1\" \/>\n<link rel=\"canonical\" href=\"https:\/\/www.shop.teropuha.com\/fi\/shop\/audiovisual\/love-lust-set\/\" \/>\n<meta property=\"og:locale\" content=\"fi_FI\" \/>\n<meta property=\"og:type\" content=\"article\" \/>\n<meta property=\"og:title\" content=\"Love &amp; Lust Museum Boutique Set - Tero Puha Online Store\" \/>\n<meta property=\"og:description\" content=\"Get some Finnish Pop Art History! This special set includes three Love and Lust Boutique products: (Cheryl) Love Sugar (to erase inhibitions) Big Boobs Pills (for easy breast enhancement) Victims of Pleasure Audio CD Experience the amazing songs Linda Lust and Cheryl Love recorded during their heyday! Audio CD with 3 tracks + 24-page colour [&hellip;]\" \/>\n<meta property=\"og:url\" content=\"https:\/\/www.shop.teropuha.com\/fi\/shop\/audiovisual\/love-lust-set\/\" \/>\n<meta property=\"og:site_name\" content=\"Tero Puha Online Store\" \/>\n<meta property=\"article:publisher\" content=\"https:\/\/www.facebook.com\/teropuhavisualartist\/\" \/>\n<meta property=\"article:modified_time\" content=\"2025-10-11T21:12:37+00:00\" \/>\n<meta property=\"og:image\" content=\"https:\/\/i0.wp.com\/www.shop.teropuha.com\/wp-content\/uploads\/2023\/04\/victims.jpg?fit=1000%2C1000&ssl=1\" \/>\n\t<meta property=\"og:image:width\" content=\"1000\" \/>\n\t<meta property=\"og:image:height\" content=\"1000\" \/>\n\t<meta property=\"og:image:type\" content=\"image\/jpeg\" \/>\n<meta name=\"twitter:card\" content=\"summary_large_image\" \/>\n<meta name=\"twitter:site\" content=\"@TeroPuha\" \/>\n<script type=\"application\/ld+json\" class=\"yoast-schema-graph\">{\"@context\":\"https:\/\/schema.org\",\"@graph\":[{\"@type\":\"WebPage\",\"@id\":\"https:\/\/www.shop.teropuha.com\/en\/shop\/audiovisual\/love-lust-set\/\",\"url\":\"https:\/\/www.shop.teropuha.com\/en\/shop\/audiovisual\/love-lust-set\/\",\"name\":\"Love &amp; Lust Museum Boutique Set - Tero Puha Online Store\",\"isPartOf\":{\"@id\":\"https:\/\/www.shop.teropuha.com\/fi\/#website\"},\"primaryImageOfPage\":{\"@id\":\"https:\/\/www.shop.teropuha.com\/en\/shop\/audiovisual\/love-lust-set\/#primaryimage\"},\"image\":{\"@id\":\"https:\/\/www.shop.teropuha.com\/en\/shop\/audiovisual\/love-lust-set\/#primaryimage\"},\"thumbnailUrl\":\"https:\/\/www.shop.teropuha.com\/wp-content\/uploads\/2023\/04\/img_4929.jpeg\",\"datePublished\":\"2025-05-21T18:36:55+00:00\",\"dateModified\":\"2025-10-11T21:12:37+00:00\",\"breadcrumb\":{\"@id\":\"https:\/\/www.shop.teropuha.com\/en\/shop\/audiovisual\/love-lust-set\/#breadcrumb\"},\"inLanguage\":\"fi\",\"potentialAction\":[{\"@type\":\"ReadAction\",\"target\":[\"https:\/\/www.shop.teropuha.com\/en\/shop\/audiovisual\/love-lust-set\/\"]}]},{\"@type\":\"ImageObject\",\"inLanguage\":\"fi\",\"@id\":\"https:\/\/www.shop.teropuha.com\/en\/shop\/audiovisual\/love-lust-set\/#primaryimage\",\"url\":\"https:\/\/www.shop.teropuha.com\/wp-content\/uploads\/2023\/04\/img_4929.jpeg\",\"contentUrl\":\"https:\/\/www.shop.teropuha.com\/wp-content\/uploads\/2023\/04\/img_4929.jpeg\",\"width\":1000,\"height\":1000},{\"@type\":\"BreadcrumbList\",\"@id\":\"https:\/\/www.shop.teropuha.com\/en\/shop\/audiovisual\/love-lust-set\/#breadcrumb\",\"itemListElement\":[{\"@type\":\"ListItem\",\"position\":1,\"name\":\"Home\",\"item\":\"https:\/\/www.shop.teropuha.com\/\"},{\"@type\":\"ListItem\",\"position\":2,\"name\":\"Products\",\"item\":\"https:\/\/www.shop.teropuha.com\/\"},{\"@type\":\"ListItem\",\"position\":3,\"name\":\"Love &amp; Lust Museum Boutique Set\"}]},{\"@type\":\"WebSite\",\"@id\":\"https:\/\/www.shop.teropuha.com\/fi\/#website\",\"url\":\"https:\/\/www.shop.teropuha.com\/fi\/\",\"name\":\"Tero Puha Online Store\",\"description\":\"Tero Puha\",\"publisher\":{\"@id\":\"https:\/\/www.shop.teropuha.com\/fi\/#organization\"},\"alternateName\":\"Tero Puha\",\"potentialAction\":[{\"@type\":\"SearchAction\",\"target\":{\"@type\":\"EntryPoint\",\"urlTemplate\":\"https:\/\/www.shop.teropuha.com\/fi\/?s={search_term_string}\"},\"query-input\":{\"@type\":\"PropertyValueSpecification\",\"valueRequired\":true,\"valueName\":\"search_term_string\"}}],\"inLanguage\":\"fi\"},{\"@type\":\"Organization\",\"@id\":\"https:\/\/www.shop.teropuha.com\/fi\/#organization\",\"name\":\"Tero Puha Visual Arts\",\"url\":\"https:\/\/www.shop.teropuha.com\/fi\/\",\"logo\":{\"@type\":\"ImageObject\",\"inLanguage\":\"fi\",\"@id\":\"https:\/\/www.shop.teropuha.com\/fi\/#\/schema\/logo\/image\/\",\"url\":\"https:\/\/www.shop.teropuha.com\/wp-content\/uploads\/2025\/10\/logo_2025.jpg\",\"contentUrl\":\"https:\/\/www.shop.teropuha.com\/wp-content\/uploads\/2025\/10\/logo_2025.jpg\",\"width\":803,\"height\":452,\"caption\":\"Tero Puha Visual Arts\"},\"image\":{\"@id\":\"https:\/\/www.shop.teropuha.com\/fi\/#\/schema\/logo\/image\/\"},\"sameAs\":[\"https:\/\/www.facebook.com\/teropuhavisualartist\/\",\"https:\/\/x.com\/TeroPuha\"]}]}<\/script>\n<!-- \/ Yoast SEO plugin. -->","yoast_head_json":{"title":"Love &amp; Lust Museum Boutique Set - Tero Puha Online Store","robots":{"index":"index","follow":"follow","max-snippet":"max-snippet:-1","max-image-preview":"max-image-preview:large","max-video-preview":"max-video-preview:-1"},"canonical":"https:\/\/www.shop.teropuha.com\/fi\/shop\/audiovisual\/love-lust-set\/","og_locale":"fi_FI","og_type":"article","og_title":"Love &amp; Lust Museum Boutique Set - Tero Puha Online Store","og_description":"Get some Finnish Pop Art History! This special set includes three Love and Lust Boutique products: (Cheryl) Love Sugar (to erase inhibitions) Big Boobs Pills (for easy breast enhancement) Victims of Pleasure Audio CD Experience the amazing songs Linda Lust and Cheryl Love recorded during their heyday! Audio CD with 3 tracks + 24-page colour [&hellip;]","og_url":"https:\/\/www.shop.teropuha.com\/fi\/shop\/audiovisual\/love-lust-set\/","og_site_name":"Tero Puha Online Store","article_publisher":"https:\/\/www.facebook.com\/teropuhavisualartist\/","article_modified_time":"2025-10-11T21:12:37+00:00","og_image":[{"width":1000,"height":1000,"url":"https:\/\/i0.wp.com\/www.shop.teropuha.com\/wp-content\/uploads\/2023\/04\/victims.jpg?fit=1000%2C1000&ssl=1","type":"image\/jpeg"}],"twitter_card":"summary_large_image","twitter_site":"@TeroPuha","schema":{"@context":"https:\/\/schema.org","@graph":[{"@type":"WebPage","@id":"https:\/\/www.shop.teropuha.com\/en\/shop\/audiovisual\/love-lust-set\/","url":"https:\/\/www.shop.teropuha.com\/en\/shop\/audiovisual\/love-lust-set\/","name":"Love &amp; Lust Museum Boutique Set - Tero Puha Online Store","isPartOf":{"@id":"https:\/\/www.shop.teropuha.com\/fi\/#website"},"primaryImageOfPage":{"@id":"https:\/\/www.shop.teropuha.com\/en\/shop\/audiovisual\/love-lust-set\/#primaryimage"},"image":{"@id":"https:\/\/www.shop.teropuha.com\/en\/shop\/audiovisual\/love-lust-set\/#primaryimage"},"thumbnailUrl":"https:\/\/www.shop.teropuha.com\/wp-content\/uploads\/2023\/04\/img_4929.jpeg","datePublished":"2025-05-21T18:36:55+00:00","dateModified":"2025-10-11T21:12:37+00:00","breadcrumb":{"@id":"https:\/\/www.shop.teropuha.com\/en\/shop\/audiovisual\/love-lust-set\/#breadcrumb"},"inLanguage":"fi","potentialAction":[{"@type":"ReadAction","target":["https:\/\/www.shop.teropuha.com\/en\/shop\/audiovisual\/love-lust-set\/"]}]},{"@type":"ImageObject","inLanguage":"fi","@id":"https:\/\/www.shop.teropuha.com\/en\/shop\/audiovisual\/love-lust-set\/#primaryimage","url":"https:\/\/www.shop.teropuha.com\/wp-content\/uploads\/2023\/04\/img_4929.jpeg","contentUrl":"https:\/\/www.shop.teropuha.com\/wp-content\/uploads\/2023\/04\/img_4929.jpeg","width":1000,"height":1000},{"@type":"BreadcrumbList","@id":"https:\/\/www.shop.teropuha.com\/en\/shop\/audiovisual\/love-lust-set\/#breadcrumb","itemListElement":[{"@type":"ListItem","position":1,"name":"Home","item":"https:\/\/www.shop.teropuha.com\/"},{"@type":"ListItem","position":2,"name":"Products","item":"https:\/\/www.shop.teropuha.com\/"},{"@type":"ListItem","position":3,"name":"Love &amp; Lust Museum Boutique Set"}]},{"@type":"WebSite","@id":"https:\/\/www.shop.teropuha.com\/fi\/#website","url":"https:\/\/www.shop.teropuha.com\/fi\/","name":"Tero Puha Verkkokauppa","description":"Tero Puha","publisher":{"@id":"https:\/\/www.shop.teropuha.com\/fi\/#organization"},"alternateName":"Tero Puha","potentialAction":[{"@type":"SearchAction","target":{"@type":"EntryPoint","urlTemplate":"https:\/\/www.shop.teropuha.com\/fi\/?s={search_term_string}"},"query-input":{"@type":"PropertyValueSpecification","valueRequired":true,"valueName":"search_term_string"}}],"inLanguage":"fi"},{"@type":"Organization","@id":"https:\/\/www.shop.teropuha.com\/fi\/#organization","name":"Tero Puha Visual Arts","url":"https:\/\/www.shop.teropuha.com\/fi\/","logo":{"@type":"ImageObject","inLanguage":"fi","@id":"https:\/\/www.shop.teropuha.com\/fi\/#\/schema\/logo\/image\/","url":"https:\/\/www.shop.teropuha.com\/wp-content\/uploads\/2025\/10\/logo_2025.jpg","contentUrl":"https:\/\/www.shop.teropuha.com\/wp-content\/uploads\/2025\/10\/logo_2025.jpg","width":803,"height":452,"caption":"Tero Puha Visual Arts"},"image":{"@id":"https:\/\/www.shop.teropuha.com\/fi\/#\/schema\/logo\/image\/"},"sameAs":["https:\/\/www.facebook.com\/teropuhavisualartist\/","https:\/\/x.com\/TeroPuha"]}]}},"uagb_featured_image_src":{"full":["https:\/\/www.shop.teropuha.com\/wp-content\/uploads\/2023\/04\/img_4929.jpeg",1000,1000,false],"thumbnail":["https:\/\/www.shop.teropuha.com\/wp-content\/uploads\/2023\/04\/img_4929-150x150.jpeg",150,150,true],"medium":["https:\/\/www.shop.teropuha.com\/wp-content\/uploads\/2023\/04\/img_4929-300x300.jpeg",300,300,true],"medium_large":["https:\/\/www.shop.teropuha.com\/wp-content\/uploads\/2023\/04\/img_4929-768x768.jpeg",768,768,true],"large":["https:\/\/www.shop.teropuha.com\/wp-content\/uploads\/2023\/04\/img_4929.jpeg",1000,1000,false],"1536x1536":["https:\/\/www.shop.teropuha.com\/wp-content\/uploads\/2023\/04\/img_4929.jpeg",1000,1000,false],"2048x2048":["https:\/\/www.shop.teropuha.com\/wp-content\/uploads\/2023\/04\/img_4929.jpeg",1000,1000,false],"trp-custom-language-flag":["https:\/\/www.shop.teropuha.com\/wp-content\/uploads\/2023\/04\/img_4929-12x12.jpeg",12,12,true],"mailpoet_newsletter_max":["https:\/\/www.shop.teropuha.com\/wp-content\/uploads\/2023\/04\/img_4929.jpeg",1000,1000,false],"woocommerce_thumbnail":["https:\/\/www.shop.teropuha.com\/wp-content\/uploads\/2023\/04\/img_4929-400x400.jpeg",400,400,true],"woocommerce_single":["https:\/\/www.shop.teropuha.com\/wp-content\/uploads\/2023\/04\/img_4929-500x500.jpeg",500,500,true],"woocommerce_gallery_thumbnail":["https:\/\/www.shop.teropuha.com\/wp-content\/uploads\/2023\/04\/img_4929-100x100.jpeg",100,100,true]},"uagb_author_info":{"display_name":"admin","author_link":"https:\/\/www.shop.teropuha.com\/fi\/author\/"},"uagb_comment_info":0,"uagb_excerpt":"Get some Finnish Pop Art History! This special set includes three Love and Lust Boutique products: (Cheryl) Love Sugar (to erase inhibitions) Big Boobs Pills (for easy breast enhancement) Victims of Pleasure Audio CD Experience the amazing songs Linda Lust and Cheryl Love recorded during their heyday! Audio CD with 3 tracks + 24-page colour&hellip;","_links":{"self":[{"href":"https:\/\/www.shop.teropuha.com\/fi\/wp-json\/wp\/v2\/product\/2252","targetHints":{"allow":["GET"]}}],"collection":[{"href":"https:\/\/www.shop.teropuha.com\/fi\/wp-json\/wp\/v2\/product"}],"about":[{"href":"https:\/\/www.shop.teropuha.com\/fi\/wp-json\/wp\/v2\/types\/product"}],"wp:featuredmedia":[{"embeddable":true,"href":"https:\/\/www.shop.teropuha.com\/fi\/wp-json\/wp\/v2\/media\/2253"}],"wp:attachment":[{"href":"https:\/\/www.shop.teropuha.com\/fi\/wp-json\/wp\/v2\/media?parent=2252"}],"wp:term":[{"taxonomy":"product_brand","embeddable":true,"href":"https:\/\/www.shop.teropuha.com\/fi\/wp-json\/wp\/v2\/product_brand?post=2252"},{"taxonomy":"product_cat","embeddable":true,"href":"https:\/\/www.shop.teropuha.com\/fi\/wp-json\/wp\/v2\/product_cat?post=2252"},{"taxonomy":"product_tag","embeddable":true,"href":"https:\/\/www.shop.teropuha.com\/fi\/wp-json\/wp\/v2\/product_tag?post=2252"}],"curies":[{"name":"wp","href":"https:\/\/api.w.org\/{rel}","templated":true}]}}