{"id":2231,"date":"2025-05-12T14:03:50","date_gmt":"2025-05-12T11:03:50","guid":{"rendered":"https:\/\/www.shop.teropuha.com\/en\/?post_type=product&#038;p=2231"},"modified":"2025-10-12T00:31:40","modified_gmt":"2025-10-11T21:31:40","slug":"autopsy2","status":"publish","type":"product","link":"https:\/\/www.shop.teropuha.com\/fi\/shop\/original-art\/photographic-art\/autopsy2\/","title":{"rendered":"Autopsy of Love II (2002-2024)"},"content":{"rendered":"<p>Originaalivedos (ei sis\u00e4ll\u00e4 kehyst\u00e4)<br \/>\nTaiteilijan itsens\u00e4 vedostama arkistokelpoisia musteita k\u00e4ytt\u00e4en.<br \/>\nPaper Hahnemuehle Photo Rag Baryta 315g<br \/>\nImage area size 62x62cm<br \/>\nPaper size 67x67cm including white borders<br \/>\nEdition koko 6+ 1 taiteilijavedos<br \/>\nTaiteilijan omak\u00e4tinen signeeraus ja vedosnumerointi taustapuolella<br \/>\nSis\u00e4lt\u00e4\u00e4 aitoustodistuksen<\/p>","protected":false},"excerpt":{"rendered":"<p>Originaalivedos<\/p>","protected":false},"featured_media":2232,"template":"","meta":{"_uag_custom_page_level_css":"","site-sidebar-layout":"default","site-content-layout":"","ast-site-content-layout":"default","site-content-style":"default","site-sidebar-style":"default","ast-global-header-display":"","ast-banner-title-visibility":"","ast-main-header-display":"","ast-hfb-above-header-display":"","ast-hfb-below-header-display":"","ast-hfb-mobile-header-display":"","site-post-title":"","ast-breadcrumbs-content":"","ast-featured-img":"","footer-sml-layout":"","ast-disable-related-posts":"","theme-transparent-header-meta":"default","adv-header-id-meta":"","stick-header-meta":"default","header-above-stick-meta":"","header-main-stick-meta":"","header-below-stick-meta":"","astra-migrate-meta-layouts":"set","ast-page-background-enabled":"default","ast-page-background-meta":{"desktop":{"background-color":"var(--ast-global-color-4)","background-image":"","background-repeat":"repeat","background-position":"center center","background-size":"auto","background-attachment":"scroll","background-type":"","background-media":"","overlay-type":"","overlay-color":"","overlay-opacity":"","overlay-gradient":""},"tablet":{"background-color":"","background-image":"","background-repeat":"repeat","background-position":"center center","background-size":"auto","background-attachment":"scroll","background-type":"","background-media":"","overlay-type":"","overlay-color":"","overlay-opacity":"","overlay-gradient":""},"mobile":{"background-color":"","background-image":"","background-repeat":"repeat","background-position":"center center","background-size":"auto","background-attachment":"scroll","background-type":"","background-media":"","overlay-type":"","overlay-color":"","overlay-opacity":"","overlay-gradient":""}},"ast-content-background-meta":{"desktop":{"background-color":"var(--ast-global-color-5)","background-image":"","background-repeat":"repeat","background-position":"center center","background-size":"auto","background-attachment":"scroll","background-type":"","background-media":"","overlay-type":"","overlay-color":"","overlay-opacity":"","overlay-gradient":""},"tablet":{"background-color":"var(--ast-global-color-5)","background-image":"","background-repeat":"repeat","background-position":"center center","background-size":"auto","background-attachment":"scroll","background-type":"","background-media":"","overlay-type":"","overlay-color":"","overlay-opacity":"","overlay-gradient":""},"mobile":{"background-color":"var(--ast-global-color-5)","background-image":"","background-repeat":"repeat","background-position":"center center","background-size":"auto","background-attachment":"scroll","background-type":"","background-media":"","overlay-type":"","overlay-color":"","overlay-opacity":"","overlay-gradient":""}}},"product_brand":[],"product_cat":[50,28,29],"product_tag":[],"class_list":{"0":"post-2231","1":"product","2":"type-product","3":"status-publish","4":"has-post-thumbnail","6":"product_cat-new","7":"product_cat-original-art","8":"product_cat-photographic-art","9":"product_shipping_class-original-art","10":"desktop-align-center","11":"tablet-align-left","12":"mobile-align-center","13":"ast-product-gallery-layout-horizontal-slider","14":"ast-product-gallery-with-no-image","15":"ast-magnify-disabled","16":"ast-product-tabs-layout-distributed","18":"first","19":"instock","20":"taxable","21":"shipping-taxable","22":"purchasable","23":"product-type-simple"},"yoast_head":"<!-- This site is optimized with the Yoast SEO plugin v27.1.1 - https:\/\/yoast.com\/product\/yoast-seo-wordpress\/ -->\n<title>Autopsy of Love II (2002-2024) - Tero Puha Online Store<\/title>\n<meta name=\"robots\" content=\"index, follow, max-snippet:-1, max-image-preview:large, max-video-preview:-1\" \/>\n<link rel=\"canonical\" href=\"https:\/\/www.shop.teropuha.com\/fi\/shop\/original-art\/photographic-art\/autopsy2\/\" \/>\n<meta property=\"og:locale\" content=\"fi_FI\" \/>\n<meta property=\"og:type\" content=\"article\" \/>\n<meta property=\"og:title\" content=\"Autopsy of Love II (2002-2024) - Tero Puha Online Store\" \/>\n<meta property=\"og:description\" content=\"Original Print\" \/>\n<meta property=\"og:url\" content=\"https:\/\/www.shop.teropuha.com\/fi\/shop\/original-art\/photographic-art\/autopsy2\/\" \/>\n<meta property=\"og:site_name\" content=\"Tero Puha Online Store\" \/>\n<meta property=\"article:publisher\" content=\"https:\/\/www.facebook.com\/teropuhavisualartist\/\" \/>\n<meta property=\"article:modified_time\" content=\"2025-10-11T21:31:40+00:00\" \/>\n<meta property=\"og:image\" content=\"https:\/\/i0.wp.com\/www.shop.teropuha.com\/wp-content\/uploads\/2025\/05\/img_4745.jpeg?fit=1000%2C1000&ssl=1\" \/>\n\t<meta property=\"og:image:width\" content=\"1000\" \/>\n\t<meta property=\"og:image:height\" content=\"1000\" \/>\n\t<meta property=\"og:image:type\" content=\"image\/jpeg\" \/>\n<meta name=\"twitter:card\" content=\"summary_large_image\" \/>\n<meta name=\"twitter:site\" content=\"@TeroPuha\" \/>\n<script type=\"application\/ld+json\" class=\"yoast-schema-graph\">{\"@context\":\"https:\/\/schema.org\",\"@graph\":[{\"@type\":\"WebPage\",\"@id\":\"https:\/\/www.shop.teropuha.com\/en\/shop\/original-art\/photographic-art\/autopsy2\/\",\"url\":\"https:\/\/www.shop.teropuha.com\/en\/shop\/original-art\/photographic-art\/autopsy2\/\",\"name\":\"Autopsy of Love II (2002-2024) - Tero Puha Online Store\",\"isPartOf\":{\"@id\":\"https:\/\/www.shop.teropuha.com\/fi\/#website\"},\"primaryImageOfPage\":{\"@id\":\"https:\/\/www.shop.teropuha.com\/en\/shop\/original-art\/photographic-art\/autopsy2\/#primaryimage\"},\"image\":{\"@id\":\"https:\/\/www.shop.teropuha.com\/en\/shop\/original-art\/photographic-art\/autopsy2\/#primaryimage\"},\"thumbnailUrl\":\"https:\/\/www.shop.teropuha.com\/wp-content\/uploads\/2025\/05\/img_4745.jpeg\",\"datePublished\":\"2025-05-12T11:03:50+00:00\",\"dateModified\":\"2025-10-11T21:31:40+00:00\",\"breadcrumb\":{\"@id\":\"https:\/\/www.shop.teropuha.com\/en\/shop\/original-art\/photographic-art\/autopsy2\/#breadcrumb\"},\"inLanguage\":\"fi\",\"potentialAction\":[{\"@type\":\"ReadAction\",\"target\":[\"https:\/\/www.shop.teropuha.com\/en\/shop\/original-art\/photographic-art\/autopsy2\/\"]}]},{\"@type\":\"ImageObject\",\"inLanguage\":\"fi\",\"@id\":\"https:\/\/www.shop.teropuha.com\/en\/shop\/original-art\/photographic-art\/autopsy2\/#primaryimage\",\"url\":\"https:\/\/www.shop.teropuha.com\/wp-content\/uploads\/2025\/05\/img_4745.jpeg\",\"contentUrl\":\"https:\/\/www.shop.teropuha.com\/wp-content\/uploads\/2025\/05\/img_4745.jpeg\",\"width\":1000,\"height\":1000},{\"@type\":\"BreadcrumbList\",\"@id\":\"https:\/\/www.shop.teropuha.com\/en\/shop\/original-art\/photographic-art\/autopsy2\/#breadcrumb\",\"itemListElement\":[{\"@type\":\"ListItem\",\"position\":1,\"name\":\"Home\",\"item\":\"https:\/\/www.shop.teropuha.com\/\"},{\"@type\":\"ListItem\",\"position\":2,\"name\":\"Products\",\"item\":\"https:\/\/www.shop.teropuha.com\/\"},{\"@type\":\"ListItem\",\"position\":3,\"name\":\"Autopsy of Love II (2002-2024)\"}]},{\"@type\":\"WebSite\",\"@id\":\"https:\/\/www.shop.teropuha.com\/fi\/#website\",\"url\":\"https:\/\/www.shop.teropuha.com\/fi\/\",\"name\":\"Tero Puha Online Store\",\"description\":\"Tero Puha\",\"publisher\":{\"@id\":\"https:\/\/www.shop.teropuha.com\/fi\/#organization\"},\"alternateName\":\"Tero Puha\",\"potentialAction\":[{\"@type\":\"SearchAction\",\"target\":{\"@type\":\"EntryPoint\",\"urlTemplate\":\"https:\/\/www.shop.teropuha.com\/fi\/?s={search_term_string}\"},\"query-input\":{\"@type\":\"PropertyValueSpecification\",\"valueRequired\":true,\"valueName\":\"search_term_string\"}}],\"inLanguage\":\"fi\"},{\"@type\":\"Organization\",\"@id\":\"https:\/\/www.shop.teropuha.com\/fi\/#organization\",\"name\":\"Tero Puha Visual Arts\",\"url\":\"https:\/\/www.shop.teropuha.com\/fi\/\",\"logo\":{\"@type\":\"ImageObject\",\"inLanguage\":\"fi\",\"@id\":\"https:\/\/www.shop.teropuha.com\/fi\/#\/schema\/logo\/image\/\",\"url\":\"https:\/\/www.shop.teropuha.com\/wp-content\/uploads\/2025\/10\/logo_2025.jpg\",\"contentUrl\":\"https:\/\/www.shop.teropuha.com\/wp-content\/uploads\/2025\/10\/logo_2025.jpg\",\"width\":803,\"height\":452,\"caption\":\"Tero Puha Visual Arts\"},\"image\":{\"@id\":\"https:\/\/www.shop.teropuha.com\/fi\/#\/schema\/logo\/image\/\"},\"sameAs\":[\"https:\/\/www.facebook.com\/teropuhavisualartist\/\",\"https:\/\/x.com\/TeroPuha\"]}]}<\/script>\n<!-- \/ Yoast SEO plugin. -->","yoast_head_json":{"title":"Autopsy of Love II (2002-2024) - Tero Puha Online Store","robots":{"index":"index","follow":"follow","max-snippet":"max-snippet:-1","max-image-preview":"max-image-preview:large","max-video-preview":"max-video-preview:-1"},"canonical":"https:\/\/www.shop.teropuha.com\/fi\/shop\/original-art\/photographic-art\/autopsy2\/","og_locale":"fi_FI","og_type":"article","og_title":"Autopsy of Love II (2002-2024) - Tero Puha Online Store","og_description":"Original Print","og_url":"https:\/\/www.shop.teropuha.com\/fi\/shop\/original-art\/photographic-art\/autopsy2\/","og_site_name":"Tero Puha Online Store","article_publisher":"https:\/\/www.facebook.com\/teropuhavisualartist\/","article_modified_time":"2025-10-11T21:31:40+00:00","og_image":[{"width":1000,"height":1000,"url":"https:\/\/i0.wp.com\/www.shop.teropuha.com\/wp-content\/uploads\/2025\/05\/img_4745.jpeg?fit=1000%2C1000&ssl=1","type":"image\/jpeg"}],"twitter_card":"summary_large_image","twitter_site":"@TeroPuha","schema":{"@context":"https:\/\/schema.org","@graph":[{"@type":"WebPage","@id":"https:\/\/www.shop.teropuha.com\/en\/shop\/original-art\/photographic-art\/autopsy2\/","url":"https:\/\/www.shop.teropuha.com\/en\/shop\/original-art\/photographic-art\/autopsy2\/","name":"Autopsy of Love II (2002-2024) - Tero Puha Online Store","isPartOf":{"@id":"https:\/\/www.shop.teropuha.com\/fi\/#website"},"primaryImageOfPage":{"@id":"https:\/\/www.shop.teropuha.com\/en\/shop\/original-art\/photographic-art\/autopsy2\/#primaryimage"},"image":{"@id":"https:\/\/www.shop.teropuha.com\/en\/shop\/original-art\/photographic-art\/autopsy2\/#primaryimage"},"thumbnailUrl":"https:\/\/www.shop.teropuha.com\/wp-content\/uploads\/2025\/05\/img_4745.jpeg","datePublished":"2025-05-12T11:03:50+00:00","dateModified":"2025-10-11T21:31:40+00:00","breadcrumb":{"@id":"https:\/\/www.shop.teropuha.com\/en\/shop\/original-art\/photographic-art\/autopsy2\/#breadcrumb"},"inLanguage":"fi","potentialAction":[{"@type":"ReadAction","target":["https:\/\/www.shop.teropuha.com\/en\/shop\/original-art\/photographic-art\/autopsy2\/"]}]},{"@type":"ImageObject","inLanguage":"fi","@id":"https:\/\/www.shop.teropuha.com\/en\/shop\/original-art\/photographic-art\/autopsy2\/#primaryimage","url":"https:\/\/www.shop.teropuha.com\/wp-content\/uploads\/2025\/05\/img_4745.jpeg","contentUrl":"https:\/\/www.shop.teropuha.com\/wp-content\/uploads\/2025\/05\/img_4745.jpeg","width":1000,"height":1000},{"@type":"BreadcrumbList","@id":"https:\/\/www.shop.teropuha.com\/en\/shop\/original-art\/photographic-art\/autopsy2\/#breadcrumb","itemListElement":[{"@type":"ListItem","position":1,"name":"Home","item":"https:\/\/www.shop.teropuha.com\/"},{"@type":"ListItem","position":2,"name":"Products","item":"https:\/\/www.shop.teropuha.com\/"},{"@type":"ListItem","position":3,"name":"Autopsy of Love II (2002-2024)"}]},{"@type":"WebSite","@id":"https:\/\/www.shop.teropuha.com\/fi\/#website","url":"https:\/\/www.shop.teropuha.com\/fi\/","name":"Tero Puha Verkkokauppa","description":"Tero Puha","publisher":{"@id":"https:\/\/www.shop.teropuha.com\/fi\/#organization"},"alternateName":"Tero Puha","potentialAction":[{"@type":"SearchAction","target":{"@type":"EntryPoint","urlTemplate":"https:\/\/www.shop.teropuha.com\/fi\/?s={search_term_string}"},"query-input":{"@type":"PropertyValueSpecification","valueRequired":true,"valueName":"search_term_string"}}],"inLanguage":"fi"},{"@type":"Organization","@id":"https:\/\/www.shop.teropuha.com\/fi\/#organization","name":"Tero Puha Visual Arts","url":"https:\/\/www.shop.teropuha.com\/fi\/","logo":{"@type":"ImageObject","inLanguage":"fi","@id":"https:\/\/www.shop.teropuha.com\/fi\/#\/schema\/logo\/image\/","url":"https:\/\/www.shop.teropuha.com\/wp-content\/uploads\/2025\/10\/logo_2025.jpg","contentUrl":"https:\/\/www.shop.teropuha.com\/wp-content\/uploads\/2025\/10\/logo_2025.jpg","width":803,"height":452,"caption":"Tero Puha Visual Arts"},"image":{"@id":"https:\/\/www.shop.teropuha.com\/fi\/#\/schema\/logo\/image\/"},"sameAs":["https:\/\/www.facebook.com\/teropuhavisualartist\/","https:\/\/x.com\/TeroPuha"]}]}},"uagb_featured_image_src":{"full":["https:\/\/www.shop.teropuha.com\/wp-content\/uploads\/2025\/05\/img_4745.jpeg",1000,1000,false],"thumbnail":["https:\/\/www.shop.teropuha.com\/wp-content\/uploads\/2025\/05\/img_4745-150x150.jpeg",150,150,true],"medium":["https:\/\/www.shop.teropuha.com\/wp-content\/uploads\/2025\/05\/img_4745-300x300.jpeg",300,300,true],"medium_large":["https:\/\/www.shop.teropuha.com\/wp-content\/uploads\/2025\/05\/img_4745-768x768.jpeg",768,768,true],"large":["https:\/\/www.shop.teropuha.com\/wp-content\/uploads\/2025\/05\/img_4745.jpeg",1000,1000,false],"1536x1536":["https:\/\/www.shop.teropuha.com\/wp-content\/uploads\/2025\/05\/img_4745.jpeg",1000,1000,false],"2048x2048":["https:\/\/www.shop.teropuha.com\/wp-content\/uploads\/2025\/05\/img_4745.jpeg",1000,1000,false],"trp-custom-language-flag":["https:\/\/www.shop.teropuha.com\/wp-content\/uploads\/2025\/05\/img_4745-12x12.jpeg",12,12,true],"mailpoet_newsletter_max":["https:\/\/www.shop.teropuha.com\/wp-content\/uploads\/2025\/05\/img_4745.jpeg",1000,1000,false],"woocommerce_thumbnail":["https:\/\/www.shop.teropuha.com\/wp-content\/uploads\/2025\/05\/img_4745-400x400.jpeg",400,400,true],"woocommerce_single":["https:\/\/www.shop.teropuha.com\/wp-content\/uploads\/2025\/05\/img_4745-500x500.jpeg",500,500,true],"woocommerce_gallery_thumbnail":["https:\/\/www.shop.teropuha.com\/wp-content\/uploads\/2025\/05\/img_4745-100x100.jpeg",100,100,true]},"uagb_author_info":{"display_name":"admin","author_link":"https:\/\/www.shop.teropuha.com\/fi\/author\/"},"uagb_comment_info":0,"uagb_excerpt":"Original Print","_links":{"self":[{"href":"https:\/\/www.shop.teropuha.com\/fi\/wp-json\/wp\/v2\/product\/2231","targetHints":{"allow":["GET"]}}],"collection":[{"href":"https:\/\/www.shop.teropuha.com\/fi\/wp-json\/wp\/v2\/product"}],"about":[{"href":"https:\/\/www.shop.teropuha.com\/fi\/wp-json\/wp\/v2\/types\/product"}],"wp:featuredmedia":[{"embeddable":true,"href":"https:\/\/www.shop.teropuha.com\/fi\/wp-json\/wp\/v2\/media\/2232"}],"wp:attachment":[{"href":"https:\/\/www.shop.teropuha.com\/fi\/wp-json\/wp\/v2\/media?parent=2231"}],"wp:term":[{"taxonomy":"product_brand","embeddable":true,"href":"https:\/\/www.shop.teropuha.com\/fi\/wp-json\/wp\/v2\/product_brand?post=2231"},{"taxonomy":"product_cat","embeddable":true,"href":"https:\/\/www.shop.teropuha.com\/fi\/wp-json\/wp\/v2\/product_cat?post=2231"},{"taxonomy":"product_tag","embeddable":true,"href":"https:\/\/www.shop.teropuha.com\/fi\/wp-json\/wp\/v2\/product_tag?post=2231"}],"curies":[{"name":"wp","href":"https:\/\/api.w.org\/{rel}","templated":true}]}}