{"id":1704,"date":"2024-02-03T00:22:20","date_gmt":"2024-02-02T22:22:20","guid":{"rendered":"https:\/\/www.shop.teropuha.com\/?post_type=product&#038;p=1704"},"modified":"2025-11-26T21:11:07","modified_gmt":"2025-11-26T19:11:07","slug":"intimate-light-gift-back-set","status":"publish","type":"product","link":"https:\/\/www.shop.teropuha.com\/fi\/shop\/books\/intimate-light-gift-back-set\/","title":{"rendered":"Intimate Light &#8211; Gift Bag Set"},"content":{"rendered":"<h6><a href=\"https:\/\/www.shop.teropuha.com\/wp-content\/uploads\/2023\/10\/intimate-light.mov\">Katso video<\/a><\/h6>\n<p>Palkittu valokuvaaja ja visuaalinen taiteilija Tero Puha on tullut tunnetuksi pop-kulttuurista ja kulutusestetiikasta muotonsa lainaavista valokuvistaan ja esineteoksistaan, joissa aiheena on usein ironisoitu ja voimakkaasti \u2013 paikoin l\u00e4hes luonnottomaksi \u2013 estetisoitu miesvartalo. Puha k\u00e4sittelee taiteessaan ajankohtaisia teemoja, kuten kehokuvan ja sukupuolen ja problematiikkaa sek\u00e4 kehoa sosiaalisena konstruktiona.<\/p>\n<p>Tero Puha on my\u00f6s parantumaton kauneudenpalvoja. T\u00e4h\u00e4n kirjaan on koottu parhaimmisto h\u00e4nen valokuvaamistaan muotokuvista, joita h\u00e4n on ottanut vuosien varrella kohtaamistaan ihmisist\u00e4. Osa malleista on satunnaisia tuttavuuksia, osa l\u00e4heisempi\u00e4 ihmisi\u00e4, mutta kaikille kuville yhteist\u00e4 on herkk\u00e4 intiimiys ja \u00e4\u00e4rimmilleen viritetty, silm\u00e4\u00e4 hivelev\u00e4 esteettinen sulo.<\/p>\n<p>Kirja sis\u00e4lt\u00e4\u00e4 kirjailija Juhani Branderin uusia runoja sek\u00e4 Tero Puhan haastattelun.<\/p>\n<p>The Gift Bag Set includes:<\/p>\n<p>Signed copy of the book<\/p>\n<p>3 beautiful A6-sized postcards from the book. Gloss varnish.<\/p>\n<p>Brown carry bag<\/p>\n<p>Valokuvat: Tero Puha<br \/>\nGraafinen suunnittelu: Ville Karppanen<br \/>\nKirjoittajat: Antti Kauppinen ja Juhani Brander<br \/>\nKovakantinen<br \/>\nUnilateeri sidonta<br \/>\n152 sivua<br \/>\nKoko 24 x 29 cm<br \/>\nsuomi\/englanti<br \/>\nKustantaja: Parvs Kustannus 2022<br \/>\nISBN 978-952-7441-14-5<\/p>\n<p><a href=\"https:\/\/youtu.be\/ocGMT0A-wLs?si=V2NUGwBeLNZtoZn7\" target=\"_blank\" rel=\"noopener\">YouTube Video<\/a><\/p>\n<p><a href=\"https:\/\/www.teropuha.com\/en\/intimate-light\/\" target=\"_blank\" rel=\"noopener\">Lis\u00e4tietoja<\/a><\/p>","protected":false},"excerpt":{"rendered":"<p><span style=\"line-height: 21.6px;font-family: -webkit-standard;font-size: 18px;font-style: normal;font-weight: 400;letter-spacing: normal;text-align: left;text-indent: 0px;text-transform: none;text-decoration: none\">Gift edition including:<\/span><span style=\"line-height: 21.6px;font-family: -webkit-standard;font-size: 18px;font-style: normal;font-weight: 400;letter-spacing: normal;text-align: left;text-indent: 0px;text-transform: none;text-decoration: none\"><br \/>\n<\/span><span style=\"line-height: 21.6px;font-family: -webkit-standard;font-size: 18px;font-style: normal;font-weight: 400;letter-spacing: normal;text-align: left;text-indent: 0px;text-transform: none;text-decoration: none\">\u2022 Signed copy of Intimate Light<\/span><span style=\"line-height: 21.6px;font-family: -webkit-standard;font-size: 18px;font-style: normal;font-weight: 400;letter-spacing: normal;text-align: left;text-indent: 0px;text-transform: none;text-decoration: none\"><br \/>\n<\/span><span style=\"line-height: 21.6px;font-family: -webkit-standard;font-size: 18px;font-style: normal;font-weight: 400;letter-spacing: normal;text-align: left;text-indent: 0px;text-transform: none;text-decoration: none\">\u2022 Three postcard prints from the series<\/span><span style=\"line-height: 21.6px;font-family: -webkit-standard;font-size: 18px;font-style: normal;font-weight: 400;letter-spacing: normal;text-align: left;text-indent: 0px;text-transform: none;text-decoration: none\"><br \/>\n<\/span><span style=\"line-height: 21.6px;font-family: -webkit-standard;font-size: 18px;font-style: normal;font-weight: 400;letter-spacing: normal;text-align: left;text-indent: 0px;text-transform: none;text-decoration: none\">\u2022 Studio-stamped kraft paper gift bag<\/span><span style=\"line-height: 21.6px;font-family: -webkit-standard;font-size: 18px;font-style: normal;font-weight: 400;letter-spacing: normal;text-align: left;text-indent: 0px;text-transform: none;text-decoration: none\"><br \/>\n<\/span><span style=\"line-height: 21.6px;font-family: -webkit-standard;font-size: 18px;font-style: normal;font-weight: 400;letter-spacing: normal;text-align: left;text-indent: 0px;text-transform: none;text-decoration: none\"><br \/>\n<\/span><span style=\"line-height: 21.6px;font-family: -webkit-standard;font-size: 18px;font-style: normal;font-weight: 400;letter-spacing: normal;text-align: left;text-indent: 0px;text-transform: none;text-decoration: none\">Each set assembled and signed by the artist. A collectible piece from the Tero Puha Studio Archive Edition. Limited quantity available.<\/span><\/p>","protected":false},"featured_media":1864,"template":"","meta":{"_uag_custom_page_level_css":"","site-sidebar-layout":"default","site-content-layout":"","ast-site-content-layout":"default","site-content-style":"default","site-sidebar-style":"default","ast-global-header-display":"","ast-banner-title-visibility":"","ast-main-header-display":"","ast-hfb-above-header-display":"","ast-hfb-below-header-display":"","ast-hfb-mobile-header-display":"","site-post-title":"","ast-breadcrumbs-content":"","ast-featured-img":"","footer-sml-layout":"","ast-disable-related-posts":"","theme-transparent-header-meta":"default","adv-header-id-meta":"","stick-header-meta":"default","header-above-stick-meta":"","header-main-stick-meta":"","header-below-stick-meta":"","astra-migrate-meta-layouts":"set","ast-page-background-enabled":"default","ast-page-background-meta":{"desktop":{"background-color":"var(--ast-global-color-4)","background-image":"","background-repeat":"repeat","background-position":"center center","background-size":"auto","background-attachment":"scroll","background-type":"","background-media":"","overlay-type":"","overlay-color":"","overlay-opacity":"","overlay-gradient":""},"tablet":{"background-color":"","background-image":"","background-repeat":"repeat","background-position":"center center","background-size":"auto","background-attachment":"scroll","background-type":"","background-media":"","overlay-type":"","overlay-color":"","overlay-opacity":"","overlay-gradient":""},"mobile":{"background-color":"","background-image":"","background-repeat":"repeat","background-position":"center center","background-size":"auto","background-attachment":"scroll","background-type":"","background-media":"","overlay-type":"","overlay-color":"","overlay-opacity":"","overlay-gradient":""}},"ast-content-background-meta":{"desktop":{"background-color":"var(--ast-global-color-5)","background-image":"","background-repeat":"repeat","background-position":"center center","background-size":"auto","background-attachment":"scroll","background-type":"","background-media":"","overlay-type":"","overlay-color":"","overlay-opacity":"","overlay-gradient":""},"tablet":{"background-color":"var(--ast-global-color-5)","background-image":"","background-repeat":"repeat","background-position":"center center","background-size":"auto","background-attachment":"scroll","background-type":"","background-media":"","overlay-type":"","overlay-color":"","overlay-opacity":"","overlay-gradient":""},"mobile":{"background-color":"var(--ast-global-color-5)","background-image":"","background-repeat":"repeat","background-position":"center center","background-size":"auto","background-attachment":"scroll","background-type":"","background-media":"","overlay-type":"","overlay-color":"","overlay-opacity":"","overlay-gradient":""}}},"product_brand":[],"product_cat":[17,50,25],"product_tag":[],"class_list":{"0":"post-1704","1":"product","2":"type-product","3":"status-publish","4":"has-post-thumbnail","6":"product_cat-books","7":"product_cat-new","8":"product_cat-signed-products","9":"desktop-align-center","10":"tablet-align-left","11":"mobile-align-center","12":"ast-product-gallery-layout-horizontal-slider","13":"ast-magnify-disabled","14":"ast-product-tabs-layout-distributed","16":"first","17":"instock","18":"taxable","19":"shipping-taxable","20":"purchasable","21":"product-type-simple"},"yoast_head":"<!-- This site is optimized with the Yoast SEO plugin v27.1.1 - https:\/\/yoast.com\/product\/yoast-seo-wordpress\/ -->\n<title>Intimate Light - Gift Bag Set - Tero Puha Online Store<\/title>\n<meta name=\"description\" content=\"Book of Photography by Finnish visual artist and photographer Tero Puha. Over 80 male portraits with high-quality printing. Free Christmas card included.\" \/>\n<meta name=\"robots\" content=\"index, follow, max-snippet:-1, max-image-preview:large, max-video-preview:-1\" \/>\n<link rel=\"canonical\" href=\"https:\/\/www.shop.teropuha.com\/fi\/shop\/books\/intimate-light-gift-back-set\/\" \/>\n<meta property=\"og:locale\" content=\"fi_FI\" \/>\n<meta property=\"og:type\" content=\"article\" \/>\n<meta property=\"og:title\" content=\"Intimate Light - Gift Bag Set - Tero Puha Online Store\" \/>\n<meta property=\"og:description\" content=\"Book of Photography by Finnish visual artist and photographer Tero Puha. Over 80 male portraits with high-quality printing. Free Christmas card included.\" \/>\n<meta property=\"og:url\" content=\"https:\/\/www.shop.teropuha.com\/fi\/shop\/books\/intimate-light-gift-back-set\/\" \/>\n<meta property=\"og:site_name\" content=\"Tero Puha Online Store\" \/>\n<meta property=\"article:publisher\" content=\"https:\/\/www.facebook.com\/teropuhavisualartist\/\" \/>\n<meta property=\"article:modified_time\" content=\"2025-11-26T19:11:07+00:00\" \/>\n<meta property=\"og:image\" content=\"https:\/\/www.shop.teropuha.com\/wp-content\/uploads\/2024\/09\/img_0255.jpeg\" \/>\n\t<meta property=\"og:image:width\" content=\"1969\" \/>\n\t<meta property=\"og:image:height\" content=\"1969\" \/>\n\t<meta property=\"og:image:type\" content=\"image\/jpeg\" \/>\n<meta name=\"twitter:card\" content=\"summary_large_image\" \/>\n<meta name=\"twitter:site\" content=\"@TeroPuha\" \/>\n<meta name=\"twitter:label1\" content=\"Arvioitu lukuaika\" \/>\n\t<meta name=\"twitter:data1\" content=\"1 minuutti\" \/>\n<script type=\"application\/ld+json\" class=\"yoast-schema-graph\">{\"@context\":\"https:\/\/schema.org\",\"@graph\":[{\"@type\":\"WebPage\",\"@id\":\"https:\/\/www.shop.teropuha.com\/shop\/books\/intimate-light-gift-back-set\/\",\"url\":\"https:\/\/www.shop.teropuha.com\/shop\/books\/intimate-light-gift-back-set\/\",\"name\":\"Intimate Light - Gift Bag Set - Tero Puha Online Store\",\"isPartOf\":{\"@id\":\"https:\/\/www.shop.teropuha.com\/fi\/#website\"},\"primaryImageOfPage\":{\"@id\":\"https:\/\/www.shop.teropuha.com\/shop\/books\/intimate-light-gift-back-set\/#primaryimage\"},\"image\":{\"@id\":\"https:\/\/www.shop.teropuha.com\/shop\/books\/intimate-light-gift-back-set\/#primaryimage\"},\"thumbnailUrl\":\"https:\/\/www.shop.teropuha.com\/wp-content\/uploads\/2024\/09\/img_0255.jpeg\",\"datePublished\":\"2024-02-02T22:22:20+00:00\",\"dateModified\":\"2025-11-26T19:11:07+00:00\",\"description\":\"Book of Photography by Finnish visual artist and photographer Tero Puha. Over 80 male portraits with high-quality printing. Free Christmas card included.\",\"breadcrumb\":{\"@id\":\"https:\/\/www.shop.teropuha.com\/shop\/books\/intimate-light-gift-back-set\/#breadcrumb\"},\"inLanguage\":\"fi\",\"potentialAction\":[{\"@type\":\"ReadAction\",\"target\":[\"https:\/\/www.shop.teropuha.com\/shop\/books\/intimate-light-gift-back-set\/\"]}]},{\"@type\":\"ImageObject\",\"inLanguage\":\"fi\",\"@id\":\"https:\/\/www.shop.teropuha.com\/shop\/books\/intimate-light-gift-back-set\/#primaryimage\",\"url\":\"https:\/\/www.shop.teropuha.com\/wp-content\/uploads\/2024\/09\/img_0255.jpeg\",\"contentUrl\":\"https:\/\/www.shop.teropuha.com\/wp-content\/uploads\/2024\/09\/img_0255.jpeg\",\"width\":1969,\"height\":1969},{\"@type\":\"BreadcrumbList\",\"@id\":\"https:\/\/www.shop.teropuha.com\/shop\/books\/intimate-light-gift-back-set\/#breadcrumb\",\"itemListElement\":[{\"@type\":\"ListItem\",\"position\":1,\"name\":\"Home\",\"item\":\"https:\/\/www.shop.teropuha.com\/\"},{\"@type\":\"ListItem\",\"position\":2,\"name\":\"Products\",\"item\":\"https:\/\/www.shop.teropuha.com\/\"},{\"@type\":\"ListItem\",\"position\":3,\"name\":\"Intimate Light &#8211; Gift Bag Set\"}]},{\"@type\":\"WebSite\",\"@id\":\"https:\/\/www.shop.teropuha.com\/fi\/#website\",\"url\":\"https:\/\/www.shop.teropuha.com\/fi\/\",\"name\":\"Tero Puha Online Store\",\"description\":\"Tero Puha\",\"publisher\":{\"@id\":\"https:\/\/www.shop.teropuha.com\/fi\/#organization\"},\"alternateName\":\"Tero Puha\",\"potentialAction\":[{\"@type\":\"SearchAction\",\"target\":{\"@type\":\"EntryPoint\",\"urlTemplate\":\"https:\/\/www.shop.teropuha.com\/fi\/?s={search_term_string}\"},\"query-input\":{\"@type\":\"PropertyValueSpecification\",\"valueRequired\":true,\"valueName\":\"search_term_string\"}}],\"inLanguage\":\"fi\"},{\"@type\":\"Organization\",\"@id\":\"https:\/\/www.shop.teropuha.com\/fi\/#organization\",\"name\":\"Tero Puha Visual Arts\",\"url\":\"https:\/\/www.shop.teropuha.com\/fi\/\",\"logo\":{\"@type\":\"ImageObject\",\"inLanguage\":\"fi\",\"@id\":\"https:\/\/www.shop.teropuha.com\/fi\/#\/schema\/logo\/image\/\",\"url\":\"https:\/\/www.shop.teropuha.com\/wp-content\/uploads\/2025\/10\/logo_2025.jpg\",\"contentUrl\":\"https:\/\/www.shop.teropuha.com\/wp-content\/uploads\/2025\/10\/logo_2025.jpg\",\"width\":803,\"height\":452,\"caption\":\"Tero Puha Visual Arts\"},\"image\":{\"@id\":\"https:\/\/www.shop.teropuha.com\/fi\/#\/schema\/logo\/image\/\"},\"sameAs\":[\"https:\/\/www.facebook.com\/teropuhavisualartist\/\",\"https:\/\/x.com\/TeroPuha\"]}]}<\/script>\n<!-- \/ Yoast SEO plugin. -->","yoast_head_json":{"title":"Intimate Light - Gift Bag Set - Tero Puha Online Store","description":"Book of Photography by Finnish visual artist and photographer Tero Puha. Over 80 male portraits with high-quality printing. Free Christmas card included.","robots":{"index":"index","follow":"follow","max-snippet":"max-snippet:-1","max-image-preview":"max-image-preview:large","max-video-preview":"max-video-preview:-1"},"canonical":"https:\/\/www.shop.teropuha.com\/fi\/shop\/books\/intimate-light-gift-back-set\/","og_locale":"fi_FI","og_type":"article","og_title":"Intimate Light - Gift Bag Set - Tero Puha Online Store","og_description":"Book of Photography by Finnish visual artist and photographer Tero Puha. Over 80 male portraits with high-quality printing. Free Christmas card included.","og_url":"https:\/\/www.shop.teropuha.com\/fi\/shop\/books\/intimate-light-gift-back-set\/","og_site_name":"Tero Puha Online Store","article_publisher":"https:\/\/www.facebook.com\/teropuhavisualartist\/","article_modified_time":"2025-11-26T19:11:07+00:00","og_image":[{"width":1969,"height":1969,"url":"https:\/\/www.shop.teropuha.com\/wp-content\/uploads\/2024\/09\/img_0255.jpeg","type":"image\/jpeg"}],"twitter_card":"summary_large_image","twitter_site":"@TeroPuha","twitter_misc":{"Arvioitu lukuaika":"1 minuutti"},"schema":{"@context":"https:\/\/schema.org","@graph":[{"@type":"WebPage","@id":"https:\/\/www.shop.teropuha.com\/shop\/books\/intimate-light-gift-back-set\/","url":"https:\/\/www.shop.teropuha.com\/shop\/books\/intimate-light-gift-back-set\/","name":"Intimate Light - Gift Bag Set - Tero Puha Online Store","isPartOf":{"@id":"https:\/\/www.shop.teropuha.com\/fi\/#website"},"primaryImageOfPage":{"@id":"https:\/\/www.shop.teropuha.com\/shop\/books\/intimate-light-gift-back-set\/#primaryimage"},"image":{"@id":"https:\/\/www.shop.teropuha.com\/shop\/books\/intimate-light-gift-back-set\/#primaryimage"},"thumbnailUrl":"https:\/\/www.shop.teropuha.com\/wp-content\/uploads\/2024\/09\/img_0255.jpeg","datePublished":"2024-02-02T22:22:20+00:00","dateModified":"2025-11-26T19:11:07+00:00","description":"Book of Photography by Finnish visual artist and photographer Tero Puha. Over 80 male portraits with high-quality printing. Free Christmas card included.","breadcrumb":{"@id":"https:\/\/www.shop.teropuha.com\/shop\/books\/intimate-light-gift-back-set\/#breadcrumb"},"inLanguage":"fi","potentialAction":[{"@type":"ReadAction","target":["https:\/\/www.shop.teropuha.com\/shop\/books\/intimate-light-gift-back-set\/"]}]},{"@type":"ImageObject","inLanguage":"fi","@id":"https:\/\/www.shop.teropuha.com\/shop\/books\/intimate-light-gift-back-set\/#primaryimage","url":"https:\/\/www.shop.teropuha.com\/wp-content\/uploads\/2024\/09\/img_0255.jpeg","contentUrl":"https:\/\/www.shop.teropuha.com\/wp-content\/uploads\/2024\/09\/img_0255.jpeg","width":1969,"height":1969},{"@type":"BreadcrumbList","@id":"https:\/\/www.shop.teropuha.com\/shop\/books\/intimate-light-gift-back-set\/#breadcrumb","itemListElement":[{"@type":"ListItem","position":1,"name":"Home","item":"https:\/\/www.shop.teropuha.com\/"},{"@type":"ListItem","position":2,"name":"Products","item":"https:\/\/www.shop.teropuha.com\/"},{"@type":"ListItem","position":3,"name":"Intimate Light &#8211; Gift Bag Set"}]},{"@type":"WebSite","@id":"https:\/\/www.shop.teropuha.com\/fi\/#website","url":"https:\/\/www.shop.teropuha.com\/fi\/","name":"Tero Puha Verkkokauppa","description":"Tero Puha","publisher":{"@id":"https:\/\/www.shop.teropuha.com\/fi\/#organization"},"alternateName":"Tero Puha","potentialAction":[{"@type":"SearchAction","target":{"@type":"EntryPoint","urlTemplate":"https:\/\/www.shop.teropuha.com\/fi\/?s={search_term_string}"},"query-input":{"@type":"PropertyValueSpecification","valueRequired":true,"valueName":"search_term_string"}}],"inLanguage":"fi"},{"@type":"Organization","@id":"https:\/\/www.shop.teropuha.com\/fi\/#organization","name":"Tero Puha Visual Arts","url":"https:\/\/www.shop.teropuha.com\/fi\/","logo":{"@type":"ImageObject","inLanguage":"fi","@id":"https:\/\/www.shop.teropuha.com\/fi\/#\/schema\/logo\/image\/","url":"https:\/\/www.shop.teropuha.com\/wp-content\/uploads\/2025\/10\/logo_2025.jpg","contentUrl":"https:\/\/www.shop.teropuha.com\/wp-content\/uploads\/2025\/10\/logo_2025.jpg","width":803,"height":452,"caption":"Tero Puha Visual Arts"},"image":{"@id":"https:\/\/www.shop.teropuha.com\/fi\/#\/schema\/logo\/image\/"},"sameAs":["https:\/\/www.facebook.com\/teropuhavisualartist\/","https:\/\/x.com\/TeroPuha"]}]}},"uagb_featured_image_src":{"full":["https:\/\/www.shop.teropuha.com\/wp-content\/uploads\/2024\/09\/img_0255.jpeg",1969,1969,false],"thumbnail":["https:\/\/www.shop.teropuha.com\/wp-content\/uploads\/2024\/09\/img_0255-150x150.jpeg",150,150,true],"medium":["https:\/\/www.shop.teropuha.com\/wp-content\/uploads\/2024\/09\/img_0255-300x300.jpeg",300,300,true],"medium_large":["https:\/\/www.shop.teropuha.com\/wp-content\/uploads\/2024\/09\/img_0255-768x768.jpeg",768,768,true],"large":["https:\/\/www.shop.teropuha.com\/wp-content\/uploads\/2024\/09\/img_0255-1024x1024.jpeg",1024,1024,true],"1536x1536":["https:\/\/www.shop.teropuha.com\/wp-content\/uploads\/2024\/09\/img_0255-1536x1536.jpeg",1536,1536,true],"2048x2048":["https:\/\/www.shop.teropuha.com\/wp-content\/uploads\/2024\/09\/img_0255.jpeg",1969,1969,false],"trp-custom-language-flag":["https:\/\/www.shop.teropuha.com\/wp-content\/uploads\/2024\/09\/img_0255-12x12.jpeg",12,12,true],"mailpoet_newsletter_max":["https:\/\/www.shop.teropuha.com\/wp-content\/uploads\/2024\/09\/img_0255-1320x1320.jpeg",1320,1320,true],"woocommerce_thumbnail":["https:\/\/www.shop.teropuha.com\/wp-content\/uploads\/2024\/09\/img_0255-400x400.jpeg",400,400,true],"woocommerce_single":["https:\/\/www.shop.teropuha.com\/wp-content\/uploads\/2024\/09\/img_0255-500x500.jpeg",500,500,true],"woocommerce_gallery_thumbnail":["https:\/\/www.shop.teropuha.com\/wp-content\/uploads\/2024\/09\/img_0255-100x100.jpeg",100,100,true]},"uagb_author_info":{"display_name":"admin","author_link":"https:\/\/www.shop.teropuha.com\/fi\/author\/"},"uagb_comment_info":0,"uagb_excerpt":"Gift edition including: \u2022 Signed copy of Intimate Light \u2022 Three postcard prints from the series \u2022 Studio-stamped kraft paper gift bag Each set assembled and signed by the artist. A collectible piece from the Tero Puha Studio Archive Edition. Limited quantity available.","_links":{"self":[{"href":"https:\/\/www.shop.teropuha.com\/fi\/wp-json\/wp\/v2\/product\/1704","targetHints":{"allow":["GET"]}}],"collection":[{"href":"https:\/\/www.shop.teropuha.com\/fi\/wp-json\/wp\/v2\/product"}],"about":[{"href":"https:\/\/www.shop.teropuha.com\/fi\/wp-json\/wp\/v2\/types\/product"}],"wp:featuredmedia":[{"embeddable":true,"href":"https:\/\/www.shop.teropuha.com\/fi\/wp-json\/wp\/v2\/media\/1864"}],"wp:attachment":[{"href":"https:\/\/www.shop.teropuha.com\/fi\/wp-json\/wp\/v2\/media?parent=1704"}],"wp:term":[{"taxonomy":"product_brand","embeddable":true,"href":"https:\/\/www.shop.teropuha.com\/fi\/wp-json\/wp\/v2\/product_brand?post=1704"},{"taxonomy":"product_cat","embeddable":true,"href":"https:\/\/www.shop.teropuha.com\/fi\/wp-json\/wp\/v2\/product_cat?post=1704"},{"taxonomy":"product_tag","embeddable":true,"href":"https:\/\/www.shop.teropuha.com\/fi\/wp-json\/wp\/v2\/product_tag?post=1704"}],"curies":[{"name":"wp","href":"https:\/\/api.w.org\/{rel}","templated":true}]}}