{"id":859,"date":"2023-06-03T14:28:58","date_gmt":"2023-06-03T11:28:58","guid":{"rendered":"https:\/\/www.shop.teropuha.com\/?page_id=859"},"modified":"2023-12-02T21:32:42","modified_gmt":"2023-12-02T19:32:42","slug":"artwork-info","status":"publish","type":"page","link":"https:\/\/www.shop.teropuha.com\/fi\/artwork-info\/","title":{"rendered":"Tietoa vedoksista"},"content":{"rendered":"<div style=\"height:30px\" aria-hidden=\"true\" class=\"wp-block-spacer\"><\/div>\n\n\n\n<h5 class=\"wp-block-heading has-ast-global-color-8-color has-text-color has-medium-font-size\" style=\"margin-top:var(--wp--preset--spacing--50);margin-right:0;margin-bottom:var(--wp--preset--spacing--60);text-transform:uppercase\">Erityyppisten vedosten luettelo<\/h5>\n\n\n\n<h5 class=\"wp-block-heading has-ast-global-color-8-color has-text-color has-medium-font-size\">Originaalivedos<\/h5>\n\n\n\n<p>Grafiikan vedoksia painetaan sarjoissa. Jokainen vedos on uniikki, itsen\u00e4inen taideteos. Vedoksia vedostetaan ennalta p\u00e4\u00e4tetty m\u00e4\u00e4r\u00e4. Taiteilija vahvistaa sarjanumeroinnilla ja signeerauksella jokaisen hyv\u00e4ksym\u00e4ns\u00e4 vedoksen. Numerointi kertoo, montako kappaletta sarjasta on tehty.<\/p>\n\n\n\n<h5 class=\"wp-block-heading has-ast-global-color-8-color has-text-color has-medium-font-size\">Valokuvateos<\/h5>\n\n\n\n<p>Jokainen valokuvavedos on uniikki, itsen\u00e4inen taideteos. Vedoksia vedostetaan ennalta p\u00e4\u00e4tetty m\u00e4\u00e4r\u00e4. Taiteilija vahvistaa sarjanumeroinnilla ja signeerauksella jokaisen hyv\u00e4ksym\u00e4ns\u00e4 vedoksen. Numerointi kertoo, montako kappaletta sarjasta on tehty.<\/p>\n\n\n\n<p>Valokuvavedoksia on olemassa nelj\u00e4\u00e4 eri tyyppi\u00e4:<\/p>\n\n\n\n<p>Kromogeeninen v\u00e4rivedos, joka on negatiivista valokuvapaperille valotettu v\u00e4rivalokuva.<br>Hopeagelatiinivedos eli negatiivista mv-valokuvapaperille valotettu perinteinen mustavalkovedos.<br>Digitaalinen v\u00e4rivedos, eli \u201dlambda\u201d, joka on laserin avulla digitaalisesta tiedostosta kromogeeniselle v\u00e4ripaperille valotettu vedos.<br>Pigmenttituloste eli mustevedos tarkoittaa mustesuihkutulostetta.<\/p>\n\n\n\n<p>Pigmenttivedos on kest\u00e4vin vedostyyppi ja siksi eniten k\u00e4ytetty valokuvataiteessa. <\/p>\n\n\n\n<h5 class=\"wp-block-heading has-ast-global-color-8-color has-text-color has-medium-font-size\">Numeroimaton vedossarja<\/h5>\n\n\n\n<p>N\u00e4m\u00e4 teokset ovat alkuper\u00e4isi\u00e4 vedoksia ja ne on signeerattu k\u00e4sin. Vedosten lukum\u00e4\u00e4r\u00e4\u00e4 ei ole rajoitettu, joten teos on halvempi kuin numeroidun edition vedos.<\/p>\n\n\n\n<h5 class=\"wp-block-heading has-ast-global-color-8-color has-text-color has-medium-font-size\">Graafinen vedos<\/h5>\n\n\n\n<p>T\u00e4m\u00e4 on vedos, jota ei ole signeerattu k\u00e4sin eik\u00e4 numeroitu. Se on edullinen, koska teoksen kopioiden m\u00e4\u00e4r\u00e4\u00e4 ei ole rajoitettu.<\/p>\n\n\n\n<div style=\"height:100px\" aria-hidden=\"true\" class=\"wp-block-spacer\"><\/div>\n\n\n\n<div style=\"height:100px\" aria-hidden=\"true\" class=\"wp-block-spacer\"><\/div>","protected":false},"excerpt":{"rendered":"<p>Explanations of different types of artworks Original Print Graphics prints are printed in series. Each print is a unique, independent work of art. A pre-determined number of prints are printed. The artist confirms every print he accepts by serial numbering and signing. The numbering tells how many pieces of the series were made. In digital [&hellip;]<\/p>\n","protected":false},"author":1,"featured_media":0,"parent":0,"menu_order":0,"comment_status":"closed","ping_status":"closed","template":"","meta":{"_uag_custom_page_level_css":"","site-sidebar-layout":"default","site-content-layout":"","ast-site-content-layout":"default","site-content-style":"default","site-sidebar-style":"default","ast-global-header-display":"","ast-banner-title-visibility":"","ast-main-header-display":"","ast-hfb-above-header-display":"","ast-hfb-below-header-display":"","ast-hfb-mobile-header-display":"","site-post-title":"disabled","ast-breadcrumbs-content":"","ast-featured-img":"","footer-sml-layout":"","ast-disable-related-posts":"","theme-transparent-header-meta":"","adv-header-id-meta":"","stick-header-meta":"","header-above-stick-meta":"","header-main-stick-meta":"","header-below-stick-meta":"","astra-migrate-meta-layouts":"set","ast-page-background-enabled":"default","ast-page-background-meta":{"desktop":{"background-color":"var(--ast-global-color-4)","background-image":"","background-repeat":"repeat","background-position":"center center","background-size":"auto","background-attachment":"scroll","background-type":"","background-media":"","overlay-type":"","overlay-color":"","overlay-opacity":"","overlay-gradient":""},"tablet":{"background-color":"","background-image":"","background-repeat":"repeat","background-position":"center center","background-size":"auto","background-attachment":"scroll","background-type":"","background-media":"","overlay-type":"","overlay-color":"","overlay-opacity":"","overlay-gradient":""},"mobile":{"background-color":"","background-image":"","background-repeat":"repeat","background-position":"center center","background-size":"auto","background-attachment":"scroll","background-type":"","background-media":"","overlay-type":"","overlay-color":"","overlay-opacity":"","overlay-gradient":""}},"ast-content-background-meta":{"desktop":{"background-color":"var(--ast-global-color-5)","background-image":"","background-repeat":"repeat","background-position":"center center","background-size":"auto","background-attachment":"scroll","background-type":"","background-media":"","overlay-type":"","overlay-color":"","overlay-opacity":"","overlay-gradient":""},"tablet":{"background-color":"var(--ast-global-color-5)","background-image":"","background-repeat":"repeat","background-position":"center center","background-size":"auto","background-attachment":"scroll","background-type":"","background-media":"","overlay-type":"","overlay-color":"","overlay-opacity":"","overlay-gradient":""},"mobile":{"background-color":"var(--ast-global-color-5)","background-image":"","background-repeat":"repeat","background-position":"center center","background-size":"auto","background-attachment":"scroll","background-type":"","background-media":"","overlay-type":"","overlay-color":"","overlay-opacity":"","overlay-gradient":""}},"footnotes":""},"class_list":["post-859","page","type-page","status-publish","hentry"],"yoast_head":"<!-- This site is optimized with the Yoast SEO plugin v27.1.1 - https:\/\/yoast.com\/product\/yoast-seo-wordpress\/ -->\n<title>Artwork Info - Tero Puha Online Store<\/title>\n<meta name=\"robots\" content=\"index, follow, max-snippet:-1, max-image-preview:large, max-video-preview:-1\" \/>\n<link rel=\"canonical\" href=\"https:\/\/www.shop.teropuha.com\/fi\/artwork-info\/\" \/>\n<meta property=\"og:locale\" content=\"fi_FI\" \/>\n<meta property=\"og:type\" content=\"article\" \/>\n<meta property=\"og:title\" content=\"Artwork Info - Tero Puha Online Store\" \/>\n<meta property=\"og:description\" content=\"Explanations of different types of artworks Original Print Graphics prints are printed in series. Each print is a unique, independent work of art. A pre-determined number of prints are printed. The artist confirms every print he accepts by serial numbering and signing. The numbering tells how many pieces of the series were made. In digital [&hellip;]\" \/>\n<meta property=\"og:url\" content=\"https:\/\/www.shop.teropuha.com\/fi\/artwork-info\/\" \/>\n<meta property=\"og:site_name\" content=\"Tero Puha Online Store\" \/>\n<meta property=\"article:publisher\" content=\"https:\/\/www.facebook.com\/teropuhavisualartist\/\" \/>\n<meta property=\"article:modified_time\" content=\"2023-12-02T19:32:42+00:00\" \/>\n<meta name=\"twitter:card\" content=\"summary_large_image\" \/>\n<meta name=\"twitter:site\" content=\"@TeroPuha\" \/>\n<meta name=\"twitter:label1\" content=\"Arvioitu lukuaika\" \/>\n\t<meta name=\"twitter:data1\" content=\"2 minuuttia\" \/>\n<script type=\"application\/ld+json\" class=\"yoast-schema-graph\">{\"@context\":\"https:\/\/schema.org\",\"@graph\":[{\"@type\":\"WebPage\",\"@id\":\"https:\/\/www.shop.teropuha.com\/artwork-info\/\",\"url\":\"https:\/\/www.shop.teropuha.com\/artwork-info\/\",\"name\":\"Artwork Info - Tero Puha Online Store\",\"isPartOf\":{\"@id\":\"https:\/\/www.shop.teropuha.com\/fi\/#website\"},\"datePublished\":\"2023-06-03T11:28:58+00:00\",\"dateModified\":\"2023-12-02T19:32:42+00:00\",\"breadcrumb\":{\"@id\":\"https:\/\/www.shop.teropuha.com\/artwork-info\/#breadcrumb\"},\"inLanguage\":\"fi\",\"potentialAction\":[{\"@type\":\"ReadAction\",\"target\":[\"https:\/\/www.shop.teropuha.com\/artwork-info\/\"]}]},{\"@type\":\"BreadcrumbList\",\"@id\":\"https:\/\/www.shop.teropuha.com\/artwork-info\/#breadcrumb\",\"itemListElement\":[{\"@type\":\"ListItem\",\"position\":1,\"name\":\"Home\",\"item\":\"https:\/\/www.shop.teropuha.com\/\"},{\"@type\":\"ListItem\",\"position\":2,\"name\":\"Artwork Info\"}]},{\"@type\":\"WebSite\",\"@id\":\"https:\/\/www.shop.teropuha.com\/fi\/#website\",\"url\":\"https:\/\/www.shop.teropuha.com\/fi\/\",\"name\":\"Tero Puha Online Store\",\"description\":\"Tero Puha\",\"publisher\":{\"@id\":\"https:\/\/www.shop.teropuha.com\/fi\/#organization\"},\"alternateName\":\"Tero Puha\",\"potentialAction\":[{\"@type\":\"SearchAction\",\"target\":{\"@type\":\"EntryPoint\",\"urlTemplate\":\"https:\/\/www.shop.teropuha.com\/fi\/?s={search_term_string}\"},\"query-input\":{\"@type\":\"PropertyValueSpecification\",\"valueRequired\":true,\"valueName\":\"search_term_string\"}}],\"inLanguage\":\"fi\"},{\"@type\":\"Organization\",\"@id\":\"https:\/\/www.shop.teropuha.com\/fi\/#organization\",\"name\":\"Tero Puha Visual Arts\",\"url\":\"https:\/\/www.shop.teropuha.com\/fi\/\",\"logo\":{\"@type\":\"ImageObject\",\"inLanguage\":\"fi\",\"@id\":\"https:\/\/www.shop.teropuha.com\/fi\/#\/schema\/logo\/image\/\",\"url\":\"https:\/\/www.shop.teropuha.com\/wp-content\/uploads\/2025\/10\/logo_2025.jpg\",\"contentUrl\":\"https:\/\/www.shop.teropuha.com\/wp-content\/uploads\/2025\/10\/logo_2025.jpg\",\"width\":803,\"height\":452,\"caption\":\"Tero Puha Visual Arts\"},\"image\":{\"@id\":\"https:\/\/www.shop.teropuha.com\/fi\/#\/schema\/logo\/image\/\"},\"sameAs\":[\"https:\/\/www.facebook.com\/teropuhavisualartist\/\",\"https:\/\/x.com\/TeroPuha\"]}]}<\/script>\n<!-- \/ Yoast SEO plugin. -->","yoast_head_json":{"title":"Artwork Info - Tero Puha Online Store","robots":{"index":"index","follow":"follow","max-snippet":"max-snippet:-1","max-image-preview":"max-image-preview:large","max-video-preview":"max-video-preview:-1"},"canonical":"https:\/\/www.shop.teropuha.com\/fi\/artwork-info\/","og_locale":"fi_FI","og_type":"article","og_title":"Artwork Info - Tero Puha Online Store","og_description":"Explanations of different types of artworks Original Print Graphics prints are printed in series. Each print is a unique, independent work of art. A pre-determined number of prints are printed. The artist confirms every print he accepts by serial numbering and signing. The numbering tells how many pieces of the series were made. In digital [&hellip;]","og_url":"https:\/\/www.shop.teropuha.com\/fi\/artwork-info\/","og_site_name":"Tero Puha Online Store","article_publisher":"https:\/\/www.facebook.com\/teropuhavisualartist\/","article_modified_time":"2023-12-02T19:32:42+00:00","twitter_card":"summary_large_image","twitter_site":"@TeroPuha","twitter_misc":{"Arvioitu lukuaika":"2 minuuttia"},"schema":{"@context":"https:\/\/schema.org","@graph":[{"@type":"WebPage","@id":"https:\/\/www.shop.teropuha.com\/artwork-info\/","url":"https:\/\/www.shop.teropuha.com\/artwork-info\/","name":"Artwork Info - Tero Puha Online Store","isPartOf":{"@id":"https:\/\/www.shop.teropuha.com\/fi\/#website"},"datePublished":"2023-06-03T11:28:58+00:00","dateModified":"2023-12-02T19:32:42+00:00","breadcrumb":{"@id":"https:\/\/www.shop.teropuha.com\/artwork-info\/#breadcrumb"},"inLanguage":"fi","potentialAction":[{"@type":"ReadAction","target":["https:\/\/www.shop.teropuha.com\/artwork-info\/"]}]},{"@type":"BreadcrumbList","@id":"https:\/\/www.shop.teropuha.com\/artwork-info\/#breadcrumb","itemListElement":[{"@type":"ListItem","position":1,"name":"Home","item":"https:\/\/www.shop.teropuha.com\/"},{"@type":"ListItem","position":2,"name":"Artwork Info"}]},{"@type":"WebSite","@id":"https:\/\/www.shop.teropuha.com\/fi\/#website","url":"https:\/\/www.shop.teropuha.com\/fi\/","name":"Tero Puha Verkkokauppa","description":"Tero Puha","publisher":{"@id":"https:\/\/www.shop.teropuha.com\/fi\/#organization"},"alternateName":"Tero Puha","potentialAction":[{"@type":"SearchAction","target":{"@type":"EntryPoint","urlTemplate":"https:\/\/www.shop.teropuha.com\/fi\/?s={search_term_string}"},"query-input":{"@type":"PropertyValueSpecification","valueRequired":true,"valueName":"search_term_string"}}],"inLanguage":"fi"},{"@type":"Organization","@id":"https:\/\/www.shop.teropuha.com\/fi\/#organization","name":"Tero Puha Visual Arts","url":"https:\/\/www.shop.teropuha.com\/fi\/","logo":{"@type":"ImageObject","inLanguage":"fi","@id":"https:\/\/www.shop.teropuha.com\/fi\/#\/schema\/logo\/image\/","url":"https:\/\/www.shop.teropuha.com\/wp-content\/uploads\/2025\/10\/logo_2025.jpg","contentUrl":"https:\/\/www.shop.teropuha.com\/wp-content\/uploads\/2025\/10\/logo_2025.jpg","width":803,"height":452,"caption":"Tero Puha Visual Arts"},"image":{"@id":"https:\/\/www.shop.teropuha.com\/fi\/#\/schema\/logo\/image\/"},"sameAs":["https:\/\/www.facebook.com\/teropuhavisualartist\/","https:\/\/x.com\/TeroPuha"]}]}},"uagb_featured_image_src":{"full":false,"thumbnail":false,"medium":false,"medium_large":false,"large":false,"1536x1536":false,"2048x2048":false,"trp-custom-language-flag":false,"mailpoet_newsletter_max":false,"woocommerce_thumbnail":false,"woocommerce_single":false,"woocommerce_gallery_thumbnail":false},"uagb_author_info":{"display_name":"admin","author_link":"https:\/\/www.shop.teropuha.com\/fi\/author\/admin\/"},"uagb_comment_info":0,"uagb_excerpt":"Explanations of different types of artworks Original Print Graphics prints are printed in series. Each print is a unique, independent work of art. A pre-determined number of prints are printed. The artist confirms every print he accepts by serial numbering and signing. The numbering tells how many pieces of the series were made. In digital&hellip;","_links":{"self":[{"href":"https:\/\/www.shop.teropuha.com\/fi\/wp-json\/wp\/v2\/pages\/859","targetHints":{"allow":["GET"]}}],"collection":[{"href":"https:\/\/www.shop.teropuha.com\/fi\/wp-json\/wp\/v2\/pages"}],"about":[{"href":"https:\/\/www.shop.teropuha.com\/fi\/wp-json\/wp\/v2\/types\/page"}],"author":[{"embeddable":true,"href":"https:\/\/www.shop.teropuha.com\/fi\/wp-json\/wp\/v2\/users\/1"}],"replies":[{"embeddable":true,"href":"https:\/\/www.shop.teropuha.com\/fi\/wp-json\/wp\/v2\/comments?post=859"}],"version-history":[{"count":0,"href":"https:\/\/www.shop.teropuha.com\/fi\/wp-json\/wp\/v2\/pages\/859\/revisions"}],"wp:attachment":[{"href":"https:\/\/www.shop.teropuha.com\/fi\/wp-json\/wp\/v2\/media?parent=859"}],"curies":[{"name":"wp","href":"https:\/\/api.w.org\/{rel}","templated":true}]}}