{"id":849,"date":"2023-06-03T13:36:21","date_gmt":"2023-06-03T10:36:21","guid":{"rendered":"https:\/\/www.shop.teropuha.com\/?page_id=849"},"modified":"2023-06-03T13:52:47","modified_gmt":"2023-06-03T10:52:47","slug":"faq","status":"publish","type":"page","link":"https:\/\/www.shop.teropuha.com\/fi\/faq\/","title":{"rendered":"FAQ"},"content":{"rendered":"<h5 class=\"wp-block-heading has-ast-global-color-8-color has-text-color has-medium-font-size\" style=\"margin-top:var(--wp--preset--spacing--50);margin-right:0\">Onko taide hyv\u00e4 sijoitus?<\/h5>\n\n\n\n<p>Se voi olla mahdollista, mutta on mahdotonta ennustaa, mink\u00e4 taideteosten arvo nousee tulevaisuudessa. Suosittelemme vahvasti ostamaan taidetta, joka resonoi kanssasi ja miellytt\u00e4\u00e4 sinua itse\u00e4si.<\/p>\n\n\n\n<h5 class=\"wp-block-heading has-ast-global-color-8-color has-text-color has-medium-font-size\">Miksi teos kannattaa ostaa suoraan taiteilijalta?<\/h5>\n\n\n\n<p>Suoraan taiteilijalta ostaminen on luontevin tapa ostaa taidetta. Kun muut osapuolet, kuten galleriat, ovat mukana, saat vesitetyn version prosessista. Jotkut ihmiset ajattelevat, ett\u00e4 galleriasta ostaminen on jotenkin arvokkaampaa. Se ei ole totta,vaan se on taidemarkkinoiden luoma illuusio. Todellinen taiteen rakastaja ostaa suoraan taiteilijalta, koska t\u00e4m\u00e4 hy\u00f6dytt\u00e4\u00e4 molempia osapuolia. Taiteilija saa isomman osan hinnasta ja ostaja saa edullisemman hinnan.<\/p>\n\n\n\n<h5 class=\"wp-block-heading has-ast-global-color-8-color has-text-color has-medium-font-size\">Mist\u00e4 tied\u00e4n keneen taiteilijaan kannattaa sijoittaa?<\/h5>\n\n\n\n<p>Kannattaa etsi\u00e4 taidetta, joka resonoi. Voit my\u00f6s katsoa taiteilijan CV:t\u00e4, jotta n\u00e4et, mink\u00e4laisia \u200b\u200bn\u00e4yttelyit\u00e4\/palkintoja he ovat pit\u00e4neet\/saaneet. Hyv\u00e4 osoitus taiteilijan urapolusta on my\u00f6s se, ovatko taiteilijan teoksia ostaneet merkitt\u00e4v\u00e4t museo- tai yksityiskokoelmat.<\/p>\n\n\n\n<h5 class=\"wp-block-heading has-ast-global-color-8-color has-text-color has-medium-font-size\">Voinko tulla katsomaan teosta henkil\u00f6kohtaisesti ennen ostamista? Voinko ottaa ty\u00f6n kotiin samalla?<\/h5>\n\n\n\n<p>Jos vedos on valmiina ja saatavilla, olet tervetullut katsomaan taidetta joko Pit\u00e4j\u00e4nm\u00e4en tai Vallilan taidevarastoihin Helsingiss\u00e4. Useimmiten valmiit teokset ovat kehystettyj\u00e4 ja valmiita ripustettavaksi. Jos haluat tehd\u00e4 henkil\u00f6kohtaisen vierailun, l\u00e4het\u00e4 meille s\u00e4hk\u00f6postia osoitteeseen shop(a)teropuha.com, niin sovitaan aika. Jos haluamasi teos on saatavilla ja olet tyytyv\u00e4inen kehykseen, voit vied\u00e4 sen kotiin samalla.<\/p>\n\n\n\n<h5 class=\"wp-block-heading has-ast-global-color-8-color has-text-color has-medium-font-size\">Miten teokset toimitetaan?<\/h5>\n\n\n\n<p>Toimitus on ilmainen useimmille taideteoksille. Pakkaamme teoksen huolellisesti ja olemme yhteydess\u00e4 toimitustapojen valinnassa. Huomioithan, ett\u00e4 EU:n ulkopuolelta tilattaessa saattaa tulla tullimaksuja, jotka ovat sinun vastuullasi.<\/p>\n\n\n\n<h5 class=\"wp-block-heading has-ast-global-color-8-color has-text-color has-medium-font-size\">Haluaisin ostaa teoksen ja maksaa osamaksulla. Onko t\u00e4m\u00e4 mahdollista?<\/h5>\n\n\n\n<p>Voit jakaa maksusi Klarnalla. Voit my\u00f6s l\u00e4hett\u00e4\u00e4 meille s\u00e4hk\u00f6postia osoitteeseen shop(a)teropuha.com keskustellaksesi muunlaisesta maksuj\u00e4rjestelyst\u00e4.<\/p>","protected":false},"excerpt":{"rendered":"<p>Is art a good investment? It can be but it is impossible to predict which artworks will go up in value in the future. We strongly advice buying art that resonates with you and makes you happy. Why should I buy directly from artist? Buying directly from the artist is the most natural way to [&hellip;]<\/p>\n","protected":false},"author":1,"featured_media":0,"parent":0,"menu_order":0,"comment_status":"closed","ping_status":"closed","template":"","meta":{"_uag_custom_page_level_css":"","site-sidebar-layout":"default","site-content-layout":"","ast-site-content-layout":"default","site-content-style":"default","site-sidebar-style":"default","ast-global-header-display":"","ast-banner-title-visibility":"","ast-main-header-display":"","ast-hfb-above-header-display":"","ast-hfb-below-header-display":"","ast-hfb-mobile-header-display":"","site-post-title":"disabled","ast-breadcrumbs-content":"","ast-featured-img":"","footer-sml-layout":"","ast-disable-related-posts":"","theme-transparent-header-meta":"","adv-header-id-meta":"","stick-header-meta":"","header-above-stick-meta":"","header-main-stick-meta":"","header-below-stick-meta":"","astra-migrate-meta-layouts":"default","ast-page-background-enabled":"default","ast-page-background-meta":{"desktop":{"background-color":"var(--ast-global-color-4)","background-image":"","background-repeat":"repeat","background-position":"center center","background-size":"auto","background-attachment":"scroll","background-type":"","background-media":"","overlay-type":"","overlay-color":"","overlay-opacity":"","overlay-gradient":""},"tablet":{"background-color":"","background-image":"","background-repeat":"repeat","background-position":"center center","background-size":"auto","background-attachment":"scroll","background-type":"","background-media":"","overlay-type":"","overlay-color":"","overlay-opacity":"","overlay-gradient":""},"mobile":{"background-color":"","background-image":"","background-repeat":"repeat","background-position":"center center","background-size":"auto","background-attachment":"scroll","background-type":"","background-media":"","overlay-type":"","overlay-color":"","overlay-opacity":"","overlay-gradient":""}},"ast-content-background-meta":{"desktop":{"background-color":"var(--ast-global-color-5)","background-image":"","background-repeat":"repeat","background-position":"center center","background-size":"auto","background-attachment":"scroll","background-type":"","background-media":"","overlay-type":"","overlay-color":"","overlay-opacity":"","overlay-gradient":""},"tablet":{"background-color":"var(--ast-global-color-5)","background-image":"","background-repeat":"repeat","background-position":"center center","background-size":"auto","background-attachment":"scroll","background-type":"","background-media":"","overlay-type":"","overlay-color":"","overlay-opacity":"","overlay-gradient":""},"mobile":{"background-color":"var(--ast-global-color-5)","background-image":"","background-repeat":"repeat","background-position":"center center","background-size":"auto","background-attachment":"scroll","background-type":"","background-media":"","overlay-type":"","overlay-color":"","overlay-opacity":"","overlay-gradient":""}},"footnotes":""},"class_list":["post-849","page","type-page","status-publish","hentry"],"yoast_head":"<!-- This site is optimized with the Yoast SEO plugin v27.1.1 - https:\/\/yoast.com\/product\/yoast-seo-wordpress\/ -->\n<title>FAQ - Tero Puha Online Store<\/title>\n<meta name=\"robots\" content=\"index, follow, max-snippet:-1, max-image-preview:large, max-video-preview:-1\" \/>\n<link rel=\"canonical\" href=\"https:\/\/www.shop.teropuha.com\/fi\/faq\/\" \/>\n<meta property=\"og:locale\" content=\"fi_FI\" \/>\n<meta property=\"og:type\" content=\"article\" \/>\n<meta property=\"og:title\" content=\"FAQ - Tero Puha Online Store\" \/>\n<meta property=\"og:description\" content=\"Is art a good investment? It can be but it is impossible to predict which artworks will go up in value in the future. We strongly advice buying art that resonates with you and makes you happy. Why should I buy directly from artist? Buying directly from the artist is the most natural way to [&hellip;]\" \/>\n<meta property=\"og:url\" content=\"https:\/\/www.shop.teropuha.com\/fi\/faq\/\" \/>\n<meta property=\"og:site_name\" content=\"Tero Puha Online Store\" \/>\n<meta property=\"article:publisher\" content=\"https:\/\/www.facebook.com\/teropuhavisualartist\/\" \/>\n<meta property=\"article:modified_time\" content=\"2023-06-03T10:52:47+00:00\" \/>\n<meta name=\"twitter:card\" content=\"summary_large_image\" \/>\n<meta name=\"twitter:site\" content=\"@TeroPuha\" \/>\n<meta name=\"twitter:label1\" content=\"Arvioitu lukuaika\" \/>\n\t<meta name=\"twitter:data1\" content=\"2 minuuttia\" \/>\n<script type=\"application\/ld+json\" class=\"yoast-schema-graph\">{\"@context\":\"https:\/\/schema.org\",\"@graph\":[{\"@type\":\"WebPage\",\"@id\":\"https:\/\/www.shop.teropuha.com\/faq\/\",\"url\":\"https:\/\/www.shop.teropuha.com\/faq\/\",\"name\":\"FAQ - Tero Puha Online Store\",\"isPartOf\":{\"@id\":\"https:\/\/www.shop.teropuha.com\/fi\/#website\"},\"datePublished\":\"2023-06-03T10:36:21+00:00\",\"dateModified\":\"2023-06-03T10:52:47+00:00\",\"breadcrumb\":{\"@id\":\"https:\/\/www.shop.teropuha.com\/faq\/#breadcrumb\"},\"inLanguage\":\"fi\",\"potentialAction\":[{\"@type\":\"ReadAction\",\"target\":[\"https:\/\/www.shop.teropuha.com\/faq\/\"]}]},{\"@type\":\"BreadcrumbList\",\"@id\":\"https:\/\/www.shop.teropuha.com\/faq\/#breadcrumb\",\"itemListElement\":[{\"@type\":\"ListItem\",\"position\":1,\"name\":\"Home\",\"item\":\"https:\/\/www.shop.teropuha.com\/\"},{\"@type\":\"ListItem\",\"position\":2,\"name\":\"FAQ\"}]},{\"@type\":\"WebSite\",\"@id\":\"https:\/\/www.shop.teropuha.com\/fi\/#website\",\"url\":\"https:\/\/www.shop.teropuha.com\/fi\/\",\"name\":\"Tero Puha Online Store\",\"description\":\"Tero Puha\",\"publisher\":{\"@id\":\"https:\/\/www.shop.teropuha.com\/fi\/#organization\"},\"alternateName\":\"Tero Puha\",\"potentialAction\":[{\"@type\":\"SearchAction\",\"target\":{\"@type\":\"EntryPoint\",\"urlTemplate\":\"https:\/\/www.shop.teropuha.com\/fi\/?s={search_term_string}\"},\"query-input\":{\"@type\":\"PropertyValueSpecification\",\"valueRequired\":true,\"valueName\":\"search_term_string\"}}],\"inLanguage\":\"fi\"},{\"@type\":\"Organization\",\"@id\":\"https:\/\/www.shop.teropuha.com\/fi\/#organization\",\"name\":\"Tero Puha Visual Arts\",\"url\":\"https:\/\/www.shop.teropuha.com\/fi\/\",\"logo\":{\"@type\":\"ImageObject\",\"inLanguage\":\"fi\",\"@id\":\"https:\/\/www.shop.teropuha.com\/fi\/#\/schema\/logo\/image\/\",\"url\":\"https:\/\/www.shop.teropuha.com\/wp-content\/uploads\/2025\/10\/logo_2025.jpg\",\"contentUrl\":\"https:\/\/www.shop.teropuha.com\/wp-content\/uploads\/2025\/10\/logo_2025.jpg\",\"width\":803,\"height\":452,\"caption\":\"Tero Puha Visual Arts\"},\"image\":{\"@id\":\"https:\/\/www.shop.teropuha.com\/fi\/#\/schema\/logo\/image\/\"},\"sameAs\":[\"https:\/\/www.facebook.com\/teropuhavisualartist\/\",\"https:\/\/x.com\/TeroPuha\"]}]}<\/script>\n<!-- \/ Yoast SEO plugin. -->","yoast_head_json":{"title":"FAQ - Tero Puha Online Store","robots":{"index":"index","follow":"follow","max-snippet":"max-snippet:-1","max-image-preview":"max-image-preview:large","max-video-preview":"max-video-preview:-1"},"canonical":"https:\/\/www.shop.teropuha.com\/fi\/faq\/","og_locale":"fi_FI","og_type":"article","og_title":"FAQ - Tero Puha Online Store","og_description":"Is art a good investment? It can be but it is impossible to predict which artworks will go up in value in the future. We strongly advice buying art that resonates with you and makes you happy. Why should I buy directly from artist? Buying directly from the artist is the most natural way to [&hellip;]","og_url":"https:\/\/www.shop.teropuha.com\/fi\/faq\/","og_site_name":"Tero Puha Online Store","article_publisher":"https:\/\/www.facebook.com\/teropuhavisualartist\/","article_modified_time":"2023-06-03T10:52:47+00:00","twitter_card":"summary_large_image","twitter_site":"@TeroPuha","twitter_misc":{"Arvioitu lukuaika":"2 minuuttia"},"schema":{"@context":"https:\/\/schema.org","@graph":[{"@type":"WebPage","@id":"https:\/\/www.shop.teropuha.com\/faq\/","url":"https:\/\/www.shop.teropuha.com\/faq\/","name":"FAQ - Tero Puha Online Store","isPartOf":{"@id":"https:\/\/www.shop.teropuha.com\/fi\/#website"},"datePublished":"2023-06-03T10:36:21+00:00","dateModified":"2023-06-03T10:52:47+00:00","breadcrumb":{"@id":"https:\/\/www.shop.teropuha.com\/faq\/#breadcrumb"},"inLanguage":"fi","potentialAction":[{"@type":"ReadAction","target":["https:\/\/www.shop.teropuha.com\/faq\/"]}]},{"@type":"BreadcrumbList","@id":"https:\/\/www.shop.teropuha.com\/faq\/#breadcrumb","itemListElement":[{"@type":"ListItem","position":1,"name":"Home","item":"https:\/\/www.shop.teropuha.com\/"},{"@type":"ListItem","position":2,"name":"FAQ"}]},{"@type":"WebSite","@id":"https:\/\/www.shop.teropuha.com\/fi\/#website","url":"https:\/\/www.shop.teropuha.com\/fi\/","name":"Tero Puha Verkkokauppa","description":"Tero Puha","publisher":{"@id":"https:\/\/www.shop.teropuha.com\/fi\/#organization"},"alternateName":"Tero Puha","potentialAction":[{"@type":"SearchAction","target":{"@type":"EntryPoint","urlTemplate":"https:\/\/www.shop.teropuha.com\/fi\/?s={search_term_string}"},"query-input":{"@type":"PropertyValueSpecification","valueRequired":true,"valueName":"search_term_string"}}],"inLanguage":"fi"},{"@type":"Organization","@id":"https:\/\/www.shop.teropuha.com\/fi\/#organization","name":"Tero Puha Visual Arts","url":"https:\/\/www.shop.teropuha.com\/fi\/","logo":{"@type":"ImageObject","inLanguage":"fi","@id":"https:\/\/www.shop.teropuha.com\/fi\/#\/schema\/logo\/image\/","url":"https:\/\/www.shop.teropuha.com\/wp-content\/uploads\/2025\/10\/logo_2025.jpg","contentUrl":"https:\/\/www.shop.teropuha.com\/wp-content\/uploads\/2025\/10\/logo_2025.jpg","width":803,"height":452,"caption":"Tero Puha Visual Arts"},"image":{"@id":"https:\/\/www.shop.teropuha.com\/fi\/#\/schema\/logo\/image\/"},"sameAs":["https:\/\/www.facebook.com\/teropuhavisualartist\/","https:\/\/x.com\/TeroPuha"]}]}},"uagb_featured_image_src":{"full":false,"thumbnail":false,"medium":false,"medium_large":false,"large":false,"1536x1536":false,"2048x2048":false,"trp-custom-language-flag":false,"mailpoet_newsletter_max":false,"woocommerce_thumbnail":false,"woocommerce_single":false,"woocommerce_gallery_thumbnail":false},"uagb_author_info":{"display_name":"admin","author_link":"https:\/\/www.shop.teropuha.com\/fi\/author\/admin\/"},"uagb_comment_info":0,"uagb_excerpt":"Is art a good investment? It can be but it is impossible to predict which artworks will go up in value in the future. We strongly advice buying art that resonates with you and makes you happy. Why should I buy directly from artist? Buying directly from the artist is the most natural way to&hellip;","_links":{"self":[{"href":"https:\/\/www.shop.teropuha.com\/fi\/wp-json\/wp\/v2\/pages\/849","targetHints":{"allow":["GET"]}}],"collection":[{"href":"https:\/\/www.shop.teropuha.com\/fi\/wp-json\/wp\/v2\/pages"}],"about":[{"href":"https:\/\/www.shop.teropuha.com\/fi\/wp-json\/wp\/v2\/types\/page"}],"author":[{"embeddable":true,"href":"https:\/\/www.shop.teropuha.com\/fi\/wp-json\/wp\/v2\/users\/1"}],"replies":[{"embeddable":true,"href":"https:\/\/www.shop.teropuha.com\/fi\/wp-json\/wp\/v2\/comments?post=849"}],"version-history":[{"count":0,"href":"https:\/\/www.shop.teropuha.com\/fi\/wp-json\/wp\/v2\/pages\/849\/revisions"}],"wp:attachment":[{"href":"https:\/\/www.shop.teropuha.com\/fi\/wp-json\/wp\/v2\/media?parent=849"}],"curies":[{"name":"wp","href":"https:\/\/api.w.org\/{rel}","templated":true}]}}