{"id":3,"date":"2023-04-21T12:57:31","date_gmt":"2023-04-21T12:57:31","guid":{"rendered":"https:\/\/www.shop.teropuha.com\/?page_id=3"},"modified":"2023-05-01T14:01:18","modified_gmt":"2023-05-01T11:01:18","slug":"privacy-policy","status":"publish","type":"page","link":"https:\/\/www.shop.teropuha.com\/fi\/privacy-policy\/","title":{"rendered":"Tietosuojak\u00e4yt\u00e4nt\u00f6"},"content":{"rendered":"<h5 class=\"wp-block-heading\" style=\"margin-top:var(--wp--preset--spacing--40)\">TIETOSUOJAK\u00c4YT\u00c4NT\u00d6<\/h5>\n\n\n\n<p>Emme myy, vaihda tai muutoin siirr\u00e4 ulkopuolisille henkil\u00f6kohtaisia \u200b\u200btunnistetietojasi. Luottamuksellisuuspolitiikkaamme p\u00e4ivitet\u00e4\u00e4n s\u00e4\u00e4nn\u00f6llisesti ja Tero Puha Visual Arts varmistaa henkil\u00f6tietojesi t\u00e4yden luottamuksellisuuden. Olemme vastuussa kaikista osoitteeseen shop.teropuha.com toimitetuista henkil\u00f6tiedoista ja jaamme henkil\u00f6tietoja verkkokauppakumppaneillemme vain, jos ne liittyv\u00e4t sinulle tarjoamaansa palveluun.<strong class=\"privacy-policy-tutorial\"> <\/strong>Verkkosivujemme osoite on: https:\/\/www.shop.teropuha.com.<\/p>\n\n\n\n<h5 class=\"wp-block-heading\">TIETOJEN KER\u00c4\u00c4MINEN&nbsp;<\/h5>\n\n\n\n<p>Tero Puha Visual Arts ker\u00e4\u00e4 tietoja sinusta, kun t\u00e4yt\u00e4t aktiivisesti tietoja www.teropuha.com, tilaat uutiskirjett\u00e4, teet ostoksia, osallistut kilpailuun tai muuhun toimintaan liittyen Tero Puhan kaupalliseen liiketoimintaan.<\/p>\n\n\n\n<p>Ker\u00e4\u00e4mme ja tallennamme esimerkiksi nimen, osoitteen, s\u00e4hk\u00f6postiosoitteen ja muita tietoja voidaksemme toimittaa palvelumme sinulle. Lis\u00e4ksi ker\u00e4\u00e4mme ja tallennamme IP-osoitteesi ja tiedot liikenteest\u00e4si verkkosivustolla. K\u00e4yt\u00e4mme ev\u00e4steit\u00e4 ja ker\u00e4\u00e4mme liikennetietoja verkkosivustolla.<\/p>\n\n\n\n<h5 class=\"wp-block-heading\">MIHIN K\u00c4YT\u00c4MME TIETOJASI<\/h5>\n\n\n\n<p>Kaikkia sinulta ker\u00e4\u00e4mi\u00e4mme tietoja voidaan k\u00e4ytt\u00e4\u00e4 kokemuksesi personointiin, asiakaspalvelumme parantamiseen, verkkosivustomme parantamiseen, tapahtumien k\u00e4sittelyyn, kilpailun, kyselyn tai mainoskampanjan johtamiseen tai s\u00e4\u00e4nn\u00f6llisten s\u00e4hk\u00f6postien l\u00e4hett\u00e4miseen. Tilauksen k\u00e4sittely\u00e4 varten antamaasi s\u00e4hk\u00f6postiosoitetta k\u00e4ytet\u00e4\u00e4n vain tilaustasi koskevien tietojen ja p\u00e4ivitysten l\u00e4hett\u00e4miseen. Jos kuitenkin haluat milloin tahansa lopettaa tulevien s\u00e4hk\u00f6postien tilauksen, voit tehd\u00e4 niin, sill\u00e4 l\u00e4het\u00e4mme jokaisen s\u00e4hk\u00f6postin alareunaan yksityiskohtaiset tilauksen peruutusohjeet.<\/p>\n\n\n\n<h5 class=\"wp-block-heading\">EV\u00c4STEET<\/h5>\n\n\n\n<p>Ev\u00e4steet ovat pieni\u00e4 tekstitiedostoja, jotka tallennetaan tietokoneellesi\/\u00e4lypuhelimellesi\/tablettillesi vieraillessasi verkkosivustolla, jotta ne tunnistavat laitteesi, kun vierailet verkkosivustolla uudelleen. Ev\u00e4steet ovat luotettavia tiedostoja, jotka eiv\u00e4t pysty suorittamaan ohjelmakoodia, eiv\u00e4t voi l\u00e4hett\u00e4\u00e4 viruksia ja joita ei voida k\u00e4ytt\u00e4\u00e4 ker\u00e4\u00e4m\u00e4\u00e4n tietoja tietokoneesi muusta k\u00e4yt\u00f6st\u00e4.<\/p>\n\n\n\n<h5 class=\"wp-block-heading\">MIKSI K\u00c4YT\u00c4MME EV\u00c4STEIT\u00c4<\/h5>\n\n\n\n<p>K\u00e4yt\u00e4mme ev\u00e4steit\u00e4 yleisiin toimintoihin, verkkotilastoihin, myyntiin ja markkinointiin. Ev\u00e4steet ovat pieni\u00e4 tiedostoja, jotka sivusto tai sen palveluntarjoaja siirt\u00e4\u00e4 tietokoneesi kiintolevylle verkkoselaimesi kautta, jos sallit sen. Niiden avulla sivustot tai palveluntarjoajan j\u00e4rjestelm\u00e4t voivat tunnistaa selaimesi ja tallentaa ja muistaa tiettyj\u00e4 tietoja.<\/p>\n\n\n\n<p>K\u00e4yt\u00e4mme ev\u00e4steit\u00e4 auttaaksemme meit\u00e4 muistamaan ja k\u00e4sittelem\u00e4\u00e4n ostoskorissasi olevat tuotteet sek\u00e4 ymm\u00e4rt\u00e4m\u00e4\u00e4n ja tallentamaan asetuksiasi tulevia k\u00e4yntej\u00e4 varten. Mit\u00e4\u00e4n henkil\u00f6kohtaisia \u200b\u200btietoja ei tallenneta ja ev\u00e4steet poistetaan automaattisesti, kun selain suljetaan.<\/p>\n\n\n\n<p>K\u00e4yt\u00e4mme Googlen palvelua (Google Analytics) verkkotilastojen ker\u00e4\u00e4miseen. Tietoja k\u00e4ytet\u00e4\u00e4n k\u00e4ytt\u00e4j\u00e4kokemuksen mittaamiseen ja parantamiseen sek\u00e4 markkinointi- ja myyntikampanjoiden seurantaan<\/p>\n\n\n\n<p>Jos et halua hyv\u00e4ksy\u00e4 ev\u00e4steit\u00e4, voit hyl\u00e4t\u00e4 ne muuttamalla selaimesi asianmukaisia \u200b\u200basetuksia. Huomaa, ett\u00e4 jos et hyv\u00e4ksy ev\u00e4steit\u00e4 k\u00e4ydess\u00e4si Tero Puha Verkkokaupassa, se voi vaikuttaa ostokokemukseesi.<\/p>\n\n\n\n<h5 class=\"wp-block-heading\">TEKIJ\u00c4NOIKEUDET JA TAVARAMERKIT<\/h5>\n\n\n\n<p>Kaikki www.teropuha.com-sivustolla oleva sis\u00e4lt\u00f6, kuten, mutta ei rajoittuen, suunnitteluub, tekstiin, logoihin, grafiikkaan, \u00e4\u00e4nileikkeisiin, videoihin ja kuviin ovat Tero Puha Visual Artsin omaisuutta. Sis\u00e4lt\u00f6 on suojattu suomalaisilla ja kansainv\u00e4lisill\u00e4 tekij\u00e4noikeuslailla. Tero Puha Visual Arts tai sis\u00e4ll\u00f6ntoimittajamme omistavat tekij\u00e4noikeudet edell\u00e4 mainittuihin.<\/p>\n\n\n\n<p>Sivuston sis\u00e4lt\u00f6\u00e4 saa kopioida vain omaan yksityiseen k\u00e4ytt\u00f6\u00f6n. Kaikki muu verkkosivustolla olevien tietojen ja materiaalin k\u00e4ytt\u00f6, kuten j\u00e4ljent\u00e4minen, muokkaaminen, jakelu, siirto, uudelleenjulkaisu, n\u00e4ytt\u00e4minen tai esitt\u00e4minen, on ehdottomasti kielletty. T\u00e4m\u00e4n vuoksi et saa kopioida, n\u00e4ytt\u00e4\u00e4, ladata, jakaa, muuttaa, muokata, j\u00e4ljent\u00e4\u00e4, julkaista uudelleen tai muotoilla uudelleen verkkosivustolla olevia tietoja, teksti\u00e4, asiakirjoja tai muuta materiaalia ilman Tero Puha Visual Artsin tai toimittajiemme nimenomaista lupaa.<\/p>\n\n\n\n<p>Sivustolla n\u00e4kyv\u00e4t tuotemerkit, tuotenimet, logot ja nimet ovat tavaramerkkej\u00e4 tai kauppanimi\u00e4 ja ovat Tero Puha Visual Artsin tai toimittajiemme omaisuutta. T\u00e4llaisten tavaramerkkien tai kauppanimien j\u00e4ljent\u00e4minen loukkaa omistajan oikeuksia ja on ehdottomasti kielletty.<\/p>\n\n\n\n<h5 class=\"wp-block-heading\">MITEN SUOJAAMME TIETOSI<\/h5>\n\n\n\n<p>Toteutamme erilaisia \u200b\u200bturvatoimenpiteit\u00e4 henkil\u00f6tietojesi turvallisuuden yll\u00e4pit\u00e4miseksi, kun teet tilauksen tai sy\u00f6t\u00e4t, l\u00e4het\u00e4t tai k\u00e4yt\u00e4t henkil\u00f6tietojasi. Tarjoamme suojatun palvelimen k\u00e4ytt\u00f6\u00e4. Kaikki toimitetut arkaluontoiset\/luottotiedot v\u00e4litet\u00e4\u00e4n Secure Socket Layer (SSL) -tekniikan kautta ja salataan sitten maksuyhdysk\u00e4yt\u00e4v\u00e4n tarjoajien tietokantaan, jotta niihin p\u00e4\u00e4sev\u00e4t k\u00e4siksi vain henkil\u00f6t, joilla on erityiset k\u00e4ytt\u00f6oikeudet t\u00e4llaisiin j\u00e4rjestelmiin ja joiden on pidett\u00e4v\u00e4 tiedot luottamuksellisina. Tapahtuman j\u00e4lkeen henkil\u00f6kohtaisia \u200b\u200btietojasi (luottokortit, sosiaaliturvatunnukset, taloustiedot jne.) ei tallenneta palvelimillemme.<strong class=\"privacy-policy-tutorial\"> <\/strong>Jos pyyd\u00e4t salasanan vaihtoa, IP-osoitteesi sis\u00e4llytet\u00e4\u00e4n palautusviestiin.<\/p>\n\n\n\n<h5 class=\"wp-block-heading\">MUUTOKSET TIETOSUOJAK\u00c4YTT\u00d6\u00d6MME<\/h5>\n\n\n\n<p>Jos p\u00e4\u00e4t\u00e4mme muuttaa tietosuojak\u00e4yt\u00e4nt\u00f6\u00e4mme, julkaisemme muutokset t\u00e4ll\u00e4 sivulla.<\/p>\n\n\n\n<h5 class=\"wp-block-heading\">LAKI JA TOIMIVALTA<\/h5>\n\n\n\n<p>Kaikkiin t\u00e4h\u00e4n k\u00e4ytt\u00f6sopimukseen liittyviin asioihin sovelletaan Suomen lakia. Kaikki t\u00e4h\u00e4n sopimukseen liittyv\u00e4t asiat, joita ei voida ratkaista yhteisell\u00e4 sopimuksella, ratkaistaan \u200b\u200bHelsingin k\u00e4r\u00e4j\u00e4oikeudessa.<\/p>\n\n\n\n<h5 class=\"wp-block-heading\">MITEN OTAT YHTEYTT\u00c4<\/h5>\n\n\n\n<p>Jos sinulla on kysytt\u00e4v\u00e4\u00e4 t\u00e4st\u00e4 tietosuojak\u00e4yt\u00e4nn\u00f6st\u00e4, voit ottaa meihin yhteytt\u00e4 l\u00e4hett\u00e4m\u00e4ll\u00e4 meille s\u00e4hk\u00f6postia osoitteeseen shop(a)teropuha.com,<\/p>","protected":false},"excerpt":{"rendered":"<p>PRIVACY POLICY We do not sell, trade, or otherwise transfer to outside parties your personally identifiable information. Our confidentiality policy is updated on a regular basis and Tero Puha Visual Arts is ensuring full confidentiality regarding your personal data. We are responsible for any personal data delivered to www.teropuha.com and we only distribute personal information [&hellip;]<\/p>\n","protected":false},"author":1,"featured_media":0,"parent":0,"menu_order":0,"comment_status":"closed","ping_status":"open","template":"","meta":{"_uag_custom_page_level_css":"","site-sidebar-layout":"default","site-content-layout":"","ast-site-content-layout":"default","site-content-style":"default","site-sidebar-style":"default","ast-global-header-display":"","ast-banner-title-visibility":"","ast-main-header-display":"","ast-hfb-above-header-display":"","ast-hfb-below-header-display":"","ast-hfb-mobile-header-display":"","site-post-title":"disabled","ast-breadcrumbs-content":"","ast-featured-img":"","footer-sml-layout":"","ast-disable-related-posts":"","theme-transparent-header-meta":"","adv-header-id-meta":"","stick-header-meta":"","header-above-stick-meta":"","header-main-stick-meta":"","header-below-stick-meta":"","astra-migrate-meta-layouts":"default","ast-page-background-enabled":"default","ast-page-background-meta":{"desktop":{"background-color":"var(--ast-global-color-4)","background-image":"","background-repeat":"repeat","background-position":"center center","background-size":"auto","background-attachment":"scroll","background-type":"","background-media":"","overlay-type":"","overlay-color":"","overlay-opacity":"","overlay-gradient":""},"tablet":{"background-color":"","background-image":"","background-repeat":"repeat","background-position":"center center","background-size":"auto","background-attachment":"scroll","background-type":"","background-media":"","overlay-type":"","overlay-color":"","overlay-opacity":"","overlay-gradient":""},"mobile":{"background-color":"","background-image":"","background-repeat":"repeat","background-position":"center center","background-size":"auto","background-attachment":"scroll","background-type":"","background-media":"","overlay-type":"","overlay-color":"","overlay-opacity":"","overlay-gradient":""}},"ast-content-background-meta":{"desktop":{"background-color":"var(--ast-global-color-5)","background-image":"","background-repeat":"repeat","background-position":"center center","background-size":"auto","background-attachment":"scroll","background-type":"","background-media":"","overlay-type":"","overlay-color":"","overlay-opacity":"","overlay-gradient":""},"tablet":{"background-color":"var(--ast-global-color-5)","background-image":"","background-repeat":"repeat","background-position":"center center","background-size":"auto","background-attachment":"scroll","background-type":"","background-media":"","overlay-type":"","overlay-color":"","overlay-opacity":"","overlay-gradient":""},"mobile":{"background-color":"var(--ast-global-color-5)","background-image":"","background-repeat":"repeat","background-position":"center center","background-size":"auto","background-attachment":"scroll","background-type":"","background-media":"","overlay-type":"","overlay-color":"","overlay-opacity":"","overlay-gradient":""}},"footnotes":""},"class_list":["post-3","page","type-page","status-publish","hentry"],"yoast_head":"<!-- This site is optimized with the Yoast SEO plugin v27.1.1 - https:\/\/yoast.com\/product\/yoast-seo-wordpress\/ -->\n<title>Privacy Policy - Tero Puha Online Store<\/title>\n<meta name=\"robots\" content=\"index, follow, max-snippet:-1, max-image-preview:large, max-video-preview:-1\" \/>\n<link rel=\"canonical\" href=\"https:\/\/www.shop.teropuha.com\/fi\/privacy-policy\/\" \/>\n<meta property=\"og:locale\" content=\"fi_FI\" \/>\n<meta property=\"og:type\" content=\"article\" \/>\n<meta property=\"og:title\" content=\"Privacy Policy - Tero Puha Online Store\" \/>\n<meta property=\"og:description\" content=\"PRIVACY POLICY We do not sell, trade, or otherwise transfer to outside parties your personally identifiable information. Our confidentiality policy is updated on a regular basis and Tero Puha Visual Arts is ensuring full confidentiality regarding your personal data. We are responsible for any personal data delivered to www.teropuha.com and we only distribute personal information [&hellip;]\" \/>\n<meta property=\"og:url\" content=\"https:\/\/www.shop.teropuha.com\/fi\/privacy-policy\/\" \/>\n<meta property=\"og:site_name\" content=\"Tero Puha Online Store\" \/>\n<meta property=\"article:publisher\" content=\"https:\/\/www.facebook.com\/teropuhavisualartist\/\" \/>\n<meta property=\"article:modified_time\" content=\"2023-05-01T11:01:18+00:00\" \/>\n<meta name=\"twitter:card\" content=\"summary_large_image\" \/>\n<meta name=\"twitter:site\" content=\"@TeroPuha\" \/>\n<meta name=\"twitter:label1\" content=\"Arvioitu lukuaika\" \/>\n\t<meta name=\"twitter:data1\" content=\"4 minuuttia\" \/>\n<script type=\"application\/ld+json\" class=\"yoast-schema-graph\">{\"@context\":\"https:\/\/schema.org\",\"@graph\":[{\"@type\":\"WebPage\",\"@id\":\"https:\/\/www.shop.teropuha.com\/fi\/privacy-policy\/\",\"url\":\"https:\/\/www.shop.teropuha.com\/fi\/privacy-policy\/\",\"name\":\"Privacy Policy - Tero Puha Online Store\",\"isPartOf\":{\"@id\":\"https:\/\/www.shop.teropuha.com\/fi\/#website\"},\"datePublished\":\"2023-04-21T12:57:31+00:00\",\"dateModified\":\"2023-05-01T11:01:18+00:00\",\"breadcrumb\":{\"@id\":\"https:\/\/www.shop.teropuha.com\/fi\/privacy-policy\/#breadcrumb\"},\"inLanguage\":\"fi\",\"potentialAction\":[{\"@type\":\"ReadAction\",\"target\":[\"https:\/\/www.shop.teropuha.com\/fi\/privacy-policy\/\"]}]},{\"@type\":\"BreadcrumbList\",\"@id\":\"https:\/\/www.shop.teropuha.com\/fi\/privacy-policy\/#breadcrumb\",\"itemListElement\":[{\"@type\":\"ListItem\",\"position\":1,\"name\":\"Home\",\"item\":\"https:\/\/www.shop.teropuha.com\/\"},{\"@type\":\"ListItem\",\"position\":2,\"name\":\"Privacy Policy\"}]},{\"@type\":\"WebSite\",\"@id\":\"https:\/\/www.shop.teropuha.com\/fi\/#website\",\"url\":\"https:\/\/www.shop.teropuha.com\/fi\/\",\"name\":\"Tero Puha Online Store\",\"description\":\"Tero Puha\",\"publisher\":{\"@id\":\"https:\/\/www.shop.teropuha.com\/fi\/#organization\"},\"alternateName\":\"Tero Puha\",\"potentialAction\":[{\"@type\":\"SearchAction\",\"target\":{\"@type\":\"EntryPoint\",\"urlTemplate\":\"https:\/\/www.shop.teropuha.com\/fi\/?s={search_term_string}\"},\"query-input\":{\"@type\":\"PropertyValueSpecification\",\"valueRequired\":true,\"valueName\":\"search_term_string\"}}],\"inLanguage\":\"fi\"},{\"@type\":\"Organization\",\"@id\":\"https:\/\/www.shop.teropuha.com\/fi\/#organization\",\"name\":\"Tero Puha Visual Arts\",\"url\":\"https:\/\/www.shop.teropuha.com\/fi\/\",\"logo\":{\"@type\":\"ImageObject\",\"inLanguage\":\"fi\",\"@id\":\"https:\/\/www.shop.teropuha.com\/fi\/#\/schema\/logo\/image\/\",\"url\":\"https:\/\/www.shop.teropuha.com\/wp-content\/uploads\/2025\/10\/logo_2025.jpg\",\"contentUrl\":\"https:\/\/www.shop.teropuha.com\/wp-content\/uploads\/2025\/10\/logo_2025.jpg\",\"width\":803,\"height\":452,\"caption\":\"Tero Puha Visual Arts\"},\"image\":{\"@id\":\"https:\/\/www.shop.teropuha.com\/fi\/#\/schema\/logo\/image\/\"},\"sameAs\":[\"https:\/\/www.facebook.com\/teropuhavisualartist\/\",\"https:\/\/x.com\/TeroPuha\"]}]}<\/script>\n<!-- \/ Yoast SEO plugin. -->","yoast_head_json":{"title":"Privacy Policy - Tero Puha Online Store","robots":{"index":"index","follow":"follow","max-snippet":"max-snippet:-1","max-image-preview":"max-image-preview:large","max-video-preview":"max-video-preview:-1"},"canonical":"https:\/\/www.shop.teropuha.com\/fi\/privacy-policy\/","og_locale":"fi_FI","og_type":"article","og_title":"Privacy Policy - Tero Puha Online Store","og_description":"PRIVACY POLICY We do not sell, trade, or otherwise transfer to outside parties your personally identifiable information. Our confidentiality policy is updated on a regular basis and Tero Puha Visual Arts is ensuring full confidentiality regarding your personal data. We are responsible for any personal data delivered to www.teropuha.com and we only distribute personal information [&hellip;]","og_url":"https:\/\/www.shop.teropuha.com\/fi\/privacy-policy\/","og_site_name":"Tero Puha Online Store","article_publisher":"https:\/\/www.facebook.com\/teropuhavisualartist\/","article_modified_time":"2023-05-01T11:01:18+00:00","twitter_card":"summary_large_image","twitter_site":"@TeroPuha","twitter_misc":{"Arvioitu lukuaika":"4 minuuttia"},"schema":{"@context":"https:\/\/schema.org","@graph":[{"@type":"WebPage","@id":"https:\/\/www.shop.teropuha.com\/fi\/privacy-policy\/","url":"https:\/\/www.shop.teropuha.com\/fi\/privacy-policy\/","name":"Privacy Policy - Tero Puha Online Store","isPartOf":{"@id":"https:\/\/www.shop.teropuha.com\/fi\/#website"},"datePublished":"2023-04-21T12:57:31+00:00","dateModified":"2023-05-01T11:01:18+00:00","breadcrumb":{"@id":"https:\/\/www.shop.teropuha.com\/fi\/privacy-policy\/#breadcrumb"},"inLanguage":"fi","potentialAction":[{"@type":"ReadAction","target":["https:\/\/www.shop.teropuha.com\/fi\/privacy-policy\/"]}]},{"@type":"BreadcrumbList","@id":"https:\/\/www.shop.teropuha.com\/fi\/privacy-policy\/#breadcrumb","itemListElement":[{"@type":"ListItem","position":1,"name":"Home","item":"https:\/\/www.shop.teropuha.com\/"},{"@type":"ListItem","position":2,"name":"Privacy Policy"}]},{"@type":"WebSite","@id":"https:\/\/www.shop.teropuha.com\/fi\/#website","url":"https:\/\/www.shop.teropuha.com\/fi\/","name":"Tero Puha Verkkokauppa","description":"Tero Puha","publisher":{"@id":"https:\/\/www.shop.teropuha.com\/fi\/#organization"},"alternateName":"Tero Puha","potentialAction":[{"@type":"SearchAction","target":{"@type":"EntryPoint","urlTemplate":"https:\/\/www.shop.teropuha.com\/fi\/?s={search_term_string}"},"query-input":{"@type":"PropertyValueSpecification","valueRequired":true,"valueName":"search_term_string"}}],"inLanguage":"fi"},{"@type":"Organization","@id":"https:\/\/www.shop.teropuha.com\/fi\/#organization","name":"Tero Puha Visual Arts","url":"https:\/\/www.shop.teropuha.com\/fi\/","logo":{"@type":"ImageObject","inLanguage":"fi","@id":"https:\/\/www.shop.teropuha.com\/fi\/#\/schema\/logo\/image\/","url":"https:\/\/www.shop.teropuha.com\/wp-content\/uploads\/2025\/10\/logo_2025.jpg","contentUrl":"https:\/\/www.shop.teropuha.com\/wp-content\/uploads\/2025\/10\/logo_2025.jpg","width":803,"height":452,"caption":"Tero Puha Visual Arts"},"image":{"@id":"https:\/\/www.shop.teropuha.com\/fi\/#\/schema\/logo\/image\/"},"sameAs":["https:\/\/www.facebook.com\/teropuhavisualartist\/","https:\/\/x.com\/TeroPuha"]}]}},"uagb_featured_image_src":{"full":false,"thumbnail":false,"medium":false,"medium_large":false,"large":false,"1536x1536":false,"2048x2048":false,"trp-custom-language-flag":false,"mailpoet_newsletter_max":false,"woocommerce_thumbnail":false,"woocommerce_single":false,"woocommerce_gallery_thumbnail":false},"uagb_author_info":{"display_name":"admin","author_link":"https:\/\/www.shop.teropuha.com\/fi\/author\/admin\/"},"uagb_comment_info":0,"uagb_excerpt":"PRIVACY POLICY We do not sell, trade, or otherwise transfer to outside parties your personally identifiable information. Our confidentiality policy is updated on a regular basis and Tero Puha Visual Arts is ensuring full confidentiality regarding your personal data. We are responsible for any personal data delivered to www.teropuha.com and we only distribute personal information&hellip;","_links":{"self":[{"href":"https:\/\/www.shop.teropuha.com\/fi\/wp-json\/wp\/v2\/pages\/3","targetHints":{"allow":["GET"]}}],"collection":[{"href":"https:\/\/www.shop.teropuha.com\/fi\/wp-json\/wp\/v2\/pages"}],"about":[{"href":"https:\/\/www.shop.teropuha.com\/fi\/wp-json\/wp\/v2\/types\/page"}],"author":[{"embeddable":true,"href":"https:\/\/www.shop.teropuha.com\/fi\/wp-json\/wp\/v2\/users\/1"}],"replies":[{"embeddable":true,"href":"https:\/\/www.shop.teropuha.com\/fi\/wp-json\/wp\/v2\/comments?post=3"}],"version-history":[{"count":0,"href":"https:\/\/www.shop.teropuha.com\/fi\/wp-json\/wp\/v2\/pages\/3\/revisions"}],"wp:attachment":[{"href":"https:\/\/www.shop.teropuha.com\/fi\/wp-json\/wp\/v2\/media?parent=3"}],"curies":[{"name":"wp","href":"https:\/\/api.w.org\/{rel}","templated":true}]}}