{"id":2,"date":"2023-04-21T12:57:31","date_gmt":"2023-04-21T12:57:31","guid":{"rendered":"https:\/\/www.shop.teropuha.com\/?page_id=2"},"modified":"2025-10-19T22:46:29","modified_gmt":"2025-10-19T19:46:29","slug":"about","status":"publish","type":"page","link":"https:\/\/www.shop.teropuha.com\/fi\/about\/","title":{"rendered":"Tietoja"},"content":{"rendered":"<div class=\"wp-block-uagb-container uagb-block-023f8df8 alignfull uagb-is-root-container\"><div class=\"uagb-container-inner-blocks-wrap\">\n<div class=\"wp-block-uagb-container uagb-block-2bfaf0ce\">\n<figure class=\"wp-block-image size-full has-custom-border is-style-default\" style=\"margin-top:var(--wp--preset--spacing--20);margin-bottom:var(--wp--preset--spacing--40)\"><img loading=\"lazy\" decoding=\"async\" width=\"637\" height=\"796\" src=\"https:\/\/www.shop.teropuha.com\/wp-content\/uploads\/2023\/05\/omakuva.jpg\" alt=\"\" class=\"wp-image-352\" style=\"border-width:1px;border-radius:10px\" srcset=\"https:\/\/www.shop.teropuha.com\/wp-content\/uploads\/2023\/05\/omakuva.jpg 637w, https:\/\/www.shop.teropuha.com\/wp-content\/uploads\/2023\/05\/omakuva-500x625.jpg 500w, https:\/\/www.shop.teropuha.com\/wp-content\/uploads\/2023\/05\/omakuva-240x300.jpg 240w, https:\/\/www.shop.teropuha.com\/wp-content\/uploads\/2023\/05\/omakuva-10x12.jpg 10w\" sizes=\"auto, (max-width: 637px) 100vw, 637px\" \/><\/figure>\n\n\n\n<p class=\"has-ast-global-color-5-color has-text-color has-link-color wp-elements-6c8562c5ae9c2610bb68493de9f830f2\">Tero Puha on palkittu suomalainen valokuvaaja, kuvataiteilija, muotoilija ja elokuvantekij\u00e4, jonka teokset tarkastelevat nykyihmisen el\u00e4m\u00e4\u00e4 kehonkuvan, identiteetin, sukupuoliroolien ja kulutuskulttuurin n\u00e4k\u00f6kulmista. Puhan ty\u00f6skentely ylitt\u00e4\u00e4 taiteen rajat, yhdist\u00e4en valokuvan, elokuvan, grafiikan ja muotoilun ilmaisumuodot ajatukselliseen syvyyteen ja visuaaliseen herkkyyteen.<\/p>\n\n\n\n<p class=\"has-ast-global-color-5-color has-text-color has-link-color wp-elements-6a81926d8a57303f454be9f2f0980aa7\">H\u00e4nen teoksiaan on useissa museo- ja yksityiskokoelmissa Suomessa, Ruotsissa, Tanskassa, Ranskassa, Japanissa ja Isossa-Britanniassa. Puha on julkaissut kaksi valokuvakirjaa ja ohjannut viisi lyhytelokuvaa. H\u00e4nelle my\u00f6nnettiin .\u00a0<strong>valokuvataiteen valtionpalkinto<\/strong>\u00a0in 2014.<\/p>\n\n\n\n<p><\/p>\n<\/div>\n\n\n\n<div class=\"wp-block-uagb-container uagb-block-551e3dc7\"><div class=\"uagb-container__shape uagb-container__shape-bottom uagb-container__invert\" data-negative=\"false\"><svg xmlns=\"https:\/\/www.w3.org\/2000\/svg\" viewbox=\"0 0 283.5 27.8\" preserveaspectratio=\"none\"><path class=\"uagb-container__shape-fill\" d=\"M283.5,9.7c0,0-7.3,4.3-14,4.6c-6.8,0.3-12.6,0-20.9-1.5c-11.3-2-33.1-10.1-44.7-5.7\ts-12.1,4.6-18,7.4c-6.6,3.2-20,9.6-36.6,9.3C131.6,23.5,99.5,7.2,86.3,8c-1.4,0.1-6.6,0.8-10.5,2c-3.8,1.2-9.4,3.8-17,4.7\tc-3.2,0.4-8.3,1.1-14.2,0.9c-1.5-0.1-6.3-0.4-12-1.6c-5.7-1.2-11-3.1-15.8-3.7C6.5,9.2,0,10.8,0,10.8V0h283.5V9.7z M260.8,11.3\tc-0.7-1-2-0.4-4.3-0.4c-2.3,0-6.1-1.2-5.8-1.1c0.3,0.1,3.1,1.5,6,1.9C259.7,12.2,261.4,12.3,260.8,11.3z M242.4,8.6\tc0,0-2.4-0.2-5.6-0.9c-3.2-0.8-10.3-2.8-15.1-3.5c-8.2-1.1-15.8,0-15.1,0.1c0.8,0.1,9.6-0.6,17.6,1.1c3.3,0.7,9.3,2.2,12.4,2.7\tC239.9,8.7,242.4,8.6,242.4,8.6z M185.2,8.5c1.7-0.7-13.3,4.7-18.5,6.1c-2.1,0.6-6.2,1.6-10,2c-3.9,0.4-8.9,0.4-8.8,0.5\tc0,0.2,5.8,0.8,11.2,0c5.4-0.8,5.2-1.1,7.6-1.6C170.5,14.7,183.5,9.2,185.2,8.5z M199.1,6.9c0.2,0-0.8-0.4-4.8,1.1\tc-4,1.5-6.7,3.5-6.9,3.7c-0.2,0.1,3.5-1.8,6.6-3C197,7.5,199,6.9,199.1,6.9z M283,6c-0.1,0.1-1.9,1.1-4.8,2.5s-6.9,2.8-6.7,2.7\tc0.2,0,3.5-0.6,7.4-2.5C282.8,6.8,283.1,5.9,283,6z M31.3,11.6c0.1-0.2-1.9-0.2-4.5-1.2s-5.4-1.6-7.8-2C15,7.6,7.3,8.5,7.7,8.6\tC8,8.7,15.9,8.3,20.2,9.3c2.2,0.5,2.4,0.5,5.7,1.6S31.2,11.9,31.3,11.6z M73,9.2c0.4-0.1,3.5-1.6,8.4-2.6c4.9-1.1,8.9-0.5,8.9-0.8\tc0-0.3-1-0.9-6.2-0.3S72.6,9.3,73,9.2z M71.6,6.7C71.8,6.8,75,5.4,77.3,5c2.3-0.3,1.9-0.5,1.9-0.6c0-0.1-1.1-0.2-2.7,0.2\tC74.8,5.1,71.4,6.6,71.6,6.7z M93.6,4.4c0.1,0.2,3.5,0.8,5.6,1.8c2.1,1,1.8,0.6,1.9,0.5c0.1-0.1-0.8-0.8-2.4-1.3\tC97.1,4.8,93.5,4.2,93.6,4.4z M65.4,11.1c-0.1,0.3,0.3,0.5,1.9-0.2s2.6-1.3,2.2-1.2s-0.9,0.4-2.5,0.8C65.3,10.9,65.5,10.8,65.4,11.1\tz M34.5,12.4c-0.2,0,2.1,0.8,3.3,0.9c1.2,0.1,2,0.1,2-0.2c0-0.3-0.1-0.5-1.6-0.4C36.6,12.8,34.7,12.4,34.5,12.4z M152.2,21.1\tc-0.1,0.1-2.4-0.3-7.5-0.3c-5,0-13.6-2.4-17.2-3.5c-3.6-1.1,10,3.9,16.5,4.1C150.5,21.6,152.3,21,152.2,21.1z\"><\/path><path class=\"uagb-container__shape-fill\" d=\"M269.6,18c-0.1-0.1-4.6,0.3-7.2,0c-7.3-0.7-17-3.2-16.6-2.9c0.4,0.3,13.7,3.1,17,3.3\tC267.7,18.8,269.7,18,269.6,18z\"><\/path><path class=\"uagb-container__shape-fill\" d=\"M227.4,9.8c-0.2-0.1-4.5-1-9.5-1.2c-5-0.2-12.7,0.6-12.3,0.5c0.3-0.1,5.9-1.8,13.3-1.2\tS227.6,9.9,227.4,9.8z\"><\/path><path class=\"uagb-container__shape-fill\" d=\"M204.5,13.4c-0.1-0.1,2-1,3.2-1.1c1.2-0.1,2,0,2,0.3c0,0.3-0.1,0.5-1.6,0.4\tC206.4,12.9,204.6,13.5,204.5,13.4z\"><\/path><path class=\"uagb-container__shape-fill\" d=\"M201,10.6c0-0.1-4.4,1.2-6.3,2.2c-1.9,0.9-6.2,3.1-6.1,3.1c0.1,0.1,4.2-1.6,6.3-2.6\tS201,10.7,201,10.6z\"><\/path><path class=\"uagb-container__shape-fill\" d=\"M154.5,26.7c-0.1-0.1-4.6,0.3-7.2,0c-7.3-0.7-17-3.2-16.6-2.9c0.4,0.3,13.7,3.1,17,3.3\tC152.6,27.5,154.6,26.8,154.5,26.7z\"><\/path><path class=\"uagb-container__shape-fill\" d=\"M41.9,19.3c0,0,1.2-0.3,2.9-0.1c1.7,0.2,5.8,0.9,8.2,0.7c4.2-0.4,7.4-2.7,7-2.6\tc-0.4,0-4.3,2.2-8.6,1.9c-1.8-0.1-5.1-0.5-6.7-0.4S41.9,19.3,41.9,19.3z\"><\/path><path class=\"uagb-container__shape-fill\" d=\"M75.5,12.6c0.2,0.1,2-0.8,4.3-1.1c2.3-0.2,2.1-0.3,2.1-0.5c0-0.1-1.8-0.4-3.4,0\tC76.9,11.5,75.3,12.5,75.5,12.6z\"><\/path><path class=\"uagb-container__shape-fill\" d=\"M15.6,13.2c0-0.1,4.3,0,6.7,0.5c2.4,0.5,5,1.9,5,2c0,0.1-2.7-0.8-5.1-1.4\tC19.9,13.7,15.7,13.3,15.6,13.2z\"><\/path><\/svg><\/div>\n<h5 class=\"wp-block-heading has-ast-global-color-5-color has-text-color\">Tero Puha Verkkokauppa<\/h5>\n\n\n\n<p class=\"has-ast-global-color-5-color has-text-color\">Tero Puhan verkkokaupasta l\u00f6ytyy tarkoin kuratoitu valikoima&nbsp;<strong>taidekirjoja, rajoitettuja taidevedoksia, alkuper\u00e4isteoksia ja design-tuotteita<\/strong>&nbsp;jotka on suunnitellut tai hyv\u00e4ksynyt taiteilija itse.<br>Kaikki tuotteet valmistetaan korkeatasoisesti ja useimmat ovat saatavilla vain pienin\u00e4 painoksina. Toimitamme tilauksia kaikkialle maailmaan.<\/p>\n\n\n\n<p class=\"has-ast-global-color-5-color has-text-color\">Tarjolla on rajoitettu m\u00e4\u00e4r\u00e4 signeerattuja kirjoja. Jos haluat omistuskirjoituksen, mainitse siit\u00e4 kassalla kohdassa&nbsp;<em>\"Lis\u00e4tietoja tilauksestani\"<\/em>&nbsp;kohdassa kassalla.<\/p>\n\n\n\n<p class=\"has-ast-global-color-5-color has-text-color\">Kaikki design-tuotteet valmistetaan EU:ssa Tero Puhan taiteellisessa valvonnassa.<\/p>\n\n\n\n<p class=\"has-ast-global-color-5-color has-text-color\">Osa alkuper\u00e4isteoksista on n\u00e4ht\u00e4viss\u00e4 verkkokaupassa.<br>Jos haluat tutustua laajempaan kokoelmaan tai kysy\u00e4 teoshankinnoista, ota yhteytt\u00e4:\u2028 <a href=\"mailto:shop@teropuha.com\" target=\"_blank\" rel=\"noreferrer noopener\">shop(a)teropuha.com<\/a><\/p>\n<\/div>\n<\/div><\/div>\n\n\n\n<p><\/p>","protected":false},"excerpt":{"rendered":"<p>Tero Puha is an award-winning Finnish visual artist, photographer, designer, and filmmaker whose work explores the life of modern man through themes of body image, identity, gender roles, and consumerism. Puha\u2019s practice transcends artistic boundaries, merging photography, film, printmaking and design into a dialogue between conceptual depth and visual sensitivity. His works are included in [&hellip;]<\/p>\n","protected":false},"author":1,"featured_media":0,"parent":0,"menu_order":0,"comment_status":"closed","ping_status":"closed","template":"","meta":{"_uag_custom_page_level_css":"","site-sidebar-layout":"no-sidebar","site-content-layout":"narrow-container","ast-site-content-layout":"narrow-width-container","site-content-style":"unboxed","site-sidebar-style":"unboxed","ast-global-header-display":"","ast-banner-title-visibility":"","ast-main-header-display":"","ast-hfb-above-header-display":"","ast-hfb-below-header-display":"","ast-hfb-mobile-header-display":"","site-post-title":"disabled","ast-breadcrumbs-content":"","ast-featured-img":"","footer-sml-layout":"","ast-disable-related-posts":"","theme-transparent-header-meta":"","adv-header-id-meta":"","stick-header-meta":"","header-above-stick-meta":"","header-main-stick-meta":"","header-below-stick-meta":"","astra-migrate-meta-layouts":"set","ast-page-background-enabled":"default","ast-page-background-meta":{"desktop":{"background-color":"var(--ast-global-color-4)","background-image":"","background-repeat":"repeat","background-position":"center center","background-size":"auto","background-attachment":"scroll","background-type":"","background-media":"","overlay-type":"","overlay-color":"","overlay-opacity":"","overlay-gradient":""},"tablet":{"background-color":"","background-image":"","background-repeat":"repeat","background-position":"center center","background-size":"auto","background-attachment":"scroll","background-type":"","background-media":"","overlay-type":"","overlay-color":"","overlay-opacity":"","overlay-gradient":""},"mobile":{"background-color":"","background-image":"","background-repeat":"repeat","background-position":"center center","background-size":"auto","background-attachment":"scroll","background-type":"","background-media":"","overlay-type":"","overlay-color":"","overlay-opacity":"","overlay-gradient":""}},"ast-content-background-meta":{"desktop":{"background-color":"var(--ast-global-color-5)","background-image":"","background-repeat":"repeat","background-position":"center center","background-size":"auto","background-attachment":"scroll","background-type":"","background-media":"","overlay-type":"","overlay-color":"","overlay-opacity":"","overlay-gradient":""},"tablet":{"background-color":"var(--ast-global-color-5)","background-image":"","background-repeat":"repeat","background-position":"center center","background-size":"auto","background-attachment":"scroll","background-type":"","background-media":"","overlay-type":"","overlay-color":"","overlay-opacity":"","overlay-gradient":""},"mobile":{"background-color":"var(--ast-global-color-5)","background-image":"","background-repeat":"repeat","background-position":"center center","background-size":"auto","background-attachment":"scroll","background-type":"","background-media":"","overlay-type":"","overlay-color":"","overlay-opacity":"","overlay-gradient":""}},"footnotes":""},"class_list":["post-2","page","type-page","status-publish","hentry"],"yoast_head":"<!-- This site is optimized with the Yoast SEO plugin v27.1.1 - https:\/\/yoast.com\/product\/yoast-seo-wordpress\/ -->\n<title>About - Tero Puha Online Store<\/title>\n<meta name=\"robots\" content=\"index, follow, max-snippet:-1, max-image-preview:large, max-video-preview:-1\" \/>\n<link rel=\"canonical\" href=\"https:\/\/www.shop.teropuha.com\/fi\/about\/\" \/>\n<meta property=\"og:locale\" content=\"fi_FI\" \/>\n<meta property=\"og:type\" content=\"article\" \/>\n<meta property=\"og:title\" content=\"About - Tero Puha Online Store\" \/>\n<meta property=\"og:description\" content=\"Tero Puha is an award-winning Finnish visual artist, photographer, designer, and filmmaker whose work explores the life of modern man through themes of body image, identity, gender roles, and consumerism. Puha\u2019s practice transcends artistic boundaries, merging photography, film, printmaking and design into a dialogue between conceptual depth and visual sensitivity. His works are included in [&hellip;]\" \/>\n<meta property=\"og:url\" content=\"https:\/\/www.shop.teropuha.com\/fi\/about\/\" \/>\n<meta property=\"og:site_name\" content=\"Tero Puha Online Store\" \/>\n<meta property=\"article:publisher\" content=\"https:\/\/www.facebook.com\/teropuhavisualartist\/\" \/>\n<meta property=\"article:modified_time\" content=\"2025-10-19T19:46:29+00:00\" \/>\n<meta property=\"og:image\" content=\"https:\/\/www.shop.teropuha.com\/wp-content\/uploads\/2023\/05\/omakuva.jpg\" \/>\n\t<meta property=\"og:image:width\" content=\"637\" \/>\n\t<meta property=\"og:image:height\" content=\"796\" \/>\n\t<meta property=\"og:image:type\" content=\"image\/jpeg\" \/>\n<meta name=\"twitter:card\" content=\"summary_large_image\" \/>\n<meta name=\"twitter:site\" content=\"@TeroPuha\" \/>\n<meta name=\"twitter:label1\" content=\"Arvioitu lukuaika\" \/>\n\t<meta name=\"twitter:data1\" content=\"2 minuuttia\" \/>\n<script type=\"application\/ld+json\" class=\"yoast-schema-graph\">{\"@context\":\"https:\/\/schema.org\",\"@graph\":[{\"@type\":\"WebPage\",\"@id\":\"https:\/\/www.shop.teropuha.com\/about\/\",\"url\":\"https:\/\/www.shop.teropuha.com\/about\/\",\"name\":\"About - Tero Puha Online Store\",\"isPartOf\":{\"@id\":\"https:\/\/www.shop.teropuha.com\/fi\/#website\"},\"primaryImageOfPage\":{\"@id\":\"https:\/\/www.shop.teropuha.com\/about\/#primaryimage\"},\"image\":{\"@id\":\"https:\/\/www.shop.teropuha.com\/about\/#primaryimage\"},\"thumbnailUrl\":\"https:\/\/www.shop.teropuha.com\/wp-content\/uploads\/2023\/05\/omakuva.jpg\",\"datePublished\":\"2023-04-21T12:57:31+00:00\",\"dateModified\":\"2025-10-19T19:46:29+00:00\",\"breadcrumb\":{\"@id\":\"https:\/\/www.shop.teropuha.com\/about\/#breadcrumb\"},\"inLanguage\":\"fi\",\"potentialAction\":[{\"@type\":\"ReadAction\",\"target\":[\"https:\/\/www.shop.teropuha.com\/about\/\"]}]},{\"@type\":\"ImageObject\",\"inLanguage\":\"fi\",\"@id\":\"https:\/\/www.shop.teropuha.com\/about\/#primaryimage\",\"url\":\"https:\/\/www.shop.teropuha.com\/wp-content\/uploads\/2023\/05\/omakuva.jpg\",\"contentUrl\":\"https:\/\/www.shop.teropuha.com\/wp-content\/uploads\/2023\/05\/omakuva.jpg\"},{\"@type\":\"BreadcrumbList\",\"@id\":\"https:\/\/www.shop.teropuha.com\/about\/#breadcrumb\",\"itemListElement\":[{\"@type\":\"ListItem\",\"position\":1,\"name\":\"Home\",\"item\":\"https:\/\/www.shop.teropuha.com\/\"},{\"@type\":\"ListItem\",\"position\":2,\"name\":\"About\"}]},{\"@type\":\"WebSite\",\"@id\":\"https:\/\/www.shop.teropuha.com\/fi\/#website\",\"url\":\"https:\/\/www.shop.teropuha.com\/fi\/\",\"name\":\"Tero Puha Online Store\",\"description\":\"Tero Puha\",\"publisher\":{\"@id\":\"https:\/\/www.shop.teropuha.com\/fi\/#organization\"},\"alternateName\":\"Tero Puha\",\"potentialAction\":[{\"@type\":\"SearchAction\",\"target\":{\"@type\":\"EntryPoint\",\"urlTemplate\":\"https:\/\/www.shop.teropuha.com\/fi\/?s={search_term_string}\"},\"query-input\":{\"@type\":\"PropertyValueSpecification\",\"valueRequired\":true,\"valueName\":\"search_term_string\"}}],\"inLanguage\":\"fi\"},{\"@type\":\"Organization\",\"@id\":\"https:\/\/www.shop.teropuha.com\/fi\/#organization\",\"name\":\"Tero Puha Visual Arts\",\"url\":\"https:\/\/www.shop.teropuha.com\/fi\/\",\"logo\":{\"@type\":\"ImageObject\",\"inLanguage\":\"fi\",\"@id\":\"https:\/\/www.shop.teropuha.com\/fi\/#\/schema\/logo\/image\/\",\"url\":\"https:\/\/www.shop.teropuha.com\/wp-content\/uploads\/2025\/10\/logo_2025.jpg\",\"contentUrl\":\"https:\/\/www.shop.teropuha.com\/wp-content\/uploads\/2025\/10\/logo_2025.jpg\",\"width\":803,\"height\":452,\"caption\":\"Tero Puha Visual Arts\"},\"image\":{\"@id\":\"https:\/\/www.shop.teropuha.com\/fi\/#\/schema\/logo\/image\/\"},\"sameAs\":[\"https:\/\/www.facebook.com\/teropuhavisualartist\/\",\"https:\/\/x.com\/TeroPuha\"]}]}<\/script>\n<!-- \/ Yoast SEO plugin. -->","yoast_head_json":{"title":"About - Tero Puha Online Store","robots":{"index":"index","follow":"follow","max-snippet":"max-snippet:-1","max-image-preview":"max-image-preview:large","max-video-preview":"max-video-preview:-1"},"canonical":"https:\/\/www.shop.teropuha.com\/fi\/about\/","og_locale":"fi_FI","og_type":"article","og_title":"About - Tero Puha Online Store","og_description":"Tero Puha is an award-winning Finnish visual artist, photographer, designer, and filmmaker whose work explores the life of modern man through themes of body image, identity, gender roles, and consumerism. Puha\u2019s practice transcends artistic boundaries, merging photography, film, printmaking and design into a dialogue between conceptual depth and visual sensitivity. His works are included in [&hellip;]","og_url":"https:\/\/www.shop.teropuha.com\/fi\/about\/","og_site_name":"Tero Puha Online Store","article_publisher":"https:\/\/www.facebook.com\/teropuhavisualartist\/","article_modified_time":"2025-10-19T19:46:29+00:00","og_image":[{"width":637,"height":796,"url":"https:\/\/www.shop.teropuha.com\/wp-content\/uploads\/2023\/05\/omakuva.jpg","type":"image\/jpeg"}],"twitter_card":"summary_large_image","twitter_site":"@TeroPuha","twitter_misc":{"Arvioitu lukuaika":"2 minuuttia"},"schema":{"@context":"https:\/\/schema.org","@graph":[{"@type":"WebPage","@id":"https:\/\/www.shop.teropuha.com\/about\/","url":"https:\/\/www.shop.teropuha.com\/about\/","name":"About - Tero Puha Online Store","isPartOf":{"@id":"https:\/\/www.shop.teropuha.com\/fi\/#website"},"primaryImageOfPage":{"@id":"https:\/\/www.shop.teropuha.com\/about\/#primaryimage"},"image":{"@id":"https:\/\/www.shop.teropuha.com\/about\/#primaryimage"},"thumbnailUrl":"https:\/\/www.shop.teropuha.com\/wp-content\/uploads\/2023\/05\/omakuva.jpg","datePublished":"2023-04-21T12:57:31+00:00","dateModified":"2025-10-19T19:46:29+00:00","breadcrumb":{"@id":"https:\/\/www.shop.teropuha.com\/about\/#breadcrumb"},"inLanguage":"fi","potentialAction":[{"@type":"ReadAction","target":["https:\/\/www.shop.teropuha.com\/about\/"]}]},{"@type":"ImageObject","inLanguage":"fi","@id":"https:\/\/www.shop.teropuha.com\/about\/#primaryimage","url":"https:\/\/www.shop.teropuha.com\/wp-content\/uploads\/2023\/05\/omakuva.jpg","contentUrl":"https:\/\/www.shop.teropuha.com\/wp-content\/uploads\/2023\/05\/omakuva.jpg"},{"@type":"BreadcrumbList","@id":"https:\/\/www.shop.teropuha.com\/about\/#breadcrumb","itemListElement":[{"@type":"ListItem","position":1,"name":"Home","item":"https:\/\/www.shop.teropuha.com\/"},{"@type":"ListItem","position":2,"name":"About"}]},{"@type":"WebSite","@id":"https:\/\/www.shop.teropuha.com\/fi\/#website","url":"https:\/\/www.shop.teropuha.com\/fi\/","name":"Tero Puha Verkkokauppa","description":"Tero Puha","publisher":{"@id":"https:\/\/www.shop.teropuha.com\/fi\/#organization"},"alternateName":"Tero Puha","potentialAction":[{"@type":"SearchAction","target":{"@type":"EntryPoint","urlTemplate":"https:\/\/www.shop.teropuha.com\/fi\/?s={search_term_string}"},"query-input":{"@type":"PropertyValueSpecification","valueRequired":true,"valueName":"search_term_string"}}],"inLanguage":"fi"},{"@type":"Organization","@id":"https:\/\/www.shop.teropuha.com\/fi\/#organization","name":"Tero Puha Visual Arts","url":"https:\/\/www.shop.teropuha.com\/fi\/","logo":{"@type":"ImageObject","inLanguage":"fi","@id":"https:\/\/www.shop.teropuha.com\/fi\/#\/schema\/logo\/image\/","url":"https:\/\/www.shop.teropuha.com\/wp-content\/uploads\/2025\/10\/logo_2025.jpg","contentUrl":"https:\/\/www.shop.teropuha.com\/wp-content\/uploads\/2025\/10\/logo_2025.jpg","width":803,"height":452,"caption":"Tero Puha Visual Arts"},"image":{"@id":"https:\/\/www.shop.teropuha.com\/fi\/#\/schema\/logo\/image\/"},"sameAs":["https:\/\/www.facebook.com\/teropuhavisualartist\/","https:\/\/x.com\/TeroPuha"]}]}},"uagb_featured_image_src":{"full":false,"thumbnail":false,"medium":false,"medium_large":false,"large":false,"1536x1536":false,"2048x2048":false,"trp-custom-language-flag":false,"mailpoet_newsletter_max":false,"woocommerce_thumbnail":false,"woocommerce_single":false,"woocommerce_gallery_thumbnail":false},"uagb_author_info":{"display_name":"admin","author_link":"https:\/\/www.shop.teropuha.com\/fi\/author\/admin\/"},"uagb_comment_info":0,"uagb_excerpt":"Tero Puha is an award-winning Finnish visual artist, photographer, designer, and filmmaker whose work explores the life of modern man through themes of body image, identity, gender roles, and consumerism. Puha\u2019s practice transcends artistic boundaries, merging photography, film, printmaking and design into a dialogue between conceptual depth and visual sensitivity. His works are included in&hellip;","_links":{"self":[{"href":"https:\/\/www.shop.teropuha.com\/fi\/wp-json\/wp\/v2\/pages\/2","targetHints":{"allow":["GET"]}}],"collection":[{"href":"https:\/\/www.shop.teropuha.com\/fi\/wp-json\/wp\/v2\/pages"}],"about":[{"href":"https:\/\/www.shop.teropuha.com\/fi\/wp-json\/wp\/v2\/types\/page"}],"author":[{"embeddable":true,"href":"https:\/\/www.shop.teropuha.com\/fi\/wp-json\/wp\/v2\/users\/1"}],"replies":[{"embeddable":true,"href":"https:\/\/www.shop.teropuha.com\/fi\/wp-json\/wp\/v2\/comments?post=2"}],"version-history":[{"count":4,"href":"https:\/\/www.shop.teropuha.com\/fi\/wp-json\/wp\/v2\/pages\/2\/revisions"}],"predecessor-version":[{"id":2444,"href":"https:\/\/www.shop.teropuha.com\/fi\/wp-json\/wp\/v2\/pages\/2\/revisions\/2444"}],"wp:attachment":[{"href":"https:\/\/www.shop.teropuha.com\/fi\/wp-json\/wp\/v2\/media?parent=2"}],"curies":[{"name":"wp","href":"https:\/\/api.w.org\/{rel}","templated":true}]}}