{"id":10,"date":"2023-04-23T13:24:56","date_gmt":"2023-04-23T10:24:56","guid":{"rendered":"https:\/\/www.shop.teropuha.com\/?page_id=10"},"modified":"2023-04-24T23:35:12","modified_gmt":"2023-04-24T20:35:12","slug":"refund_returns","status":"publish","type":"page","link":"https:\/\/www.shop.teropuha.com\/fi\/refund_returns\/","title":{"rendered":"Palautus- ja vaihto-oikeus"},"content":{"rendered":"<h5 class=\"wp-block-heading\" style=\"margin-top:var(--wp--preset--spacing--50);margin-right:0\">PALAUTUKSET<\/h5>\n\n\n\n<p>Jos jostain syyst\u00e4 et ole t\u00e4ysin tyytyv\u00e4inen ostokseesi Tero Puha verkkokaupasta, voit palauttaa tuotteet meille. Sinulla on 14 p\u00e4iv\u00e4\u00e4 aikaa palauttaa tai vaihtaa tuote laskettuna siit\u00e4 p\u00e4iv\u00e4st\u00e4, kun olet vastaanottanut tilauksesi. Jos 14 p\u00e4iv\u00e4\u00e4 on kulunut toimituksesta, valitettavasti emme voi vaihtaa tai tarjota hyvityst\u00e4. Vain tuotteet, jotka ovat k\u00e4ytt\u00e4m\u00e4tt\u00f6mi\u00e4 ja samassa kunnossa, kun olet saanut ne, ovat oikeutettuja palautukseen tai vaihtoon. Signeerattuja tai r\u00e4\u00e4t\u00e4l\u00f6ityj\u00e4 tuotteita ei voi palauttaa.<\/p>\n\n\n\n<h5 class=\"wp-block-heading\">KUINKA PALAUTAN TUOTTEEN<\/h5>\n\n\n\n<p>Pakkaa tuote samaan pakkaukseen, jossa  olet saanut sen. Palautusosoite: Tero Puha, Visual Arts, Lehdontie 9, 05200 Rajam\u00e4ki, Suomi. Jos olet palauttamassa kalliimpia tuotteita,harkitse seurattua tai vakuutettua l\u00e4hetyst\u00e4. Emme voi muuten taata, ett\u00e4 olemme saaneet tuotepalautuksen.<\/p>\n\n\n\n<h5 class=\"wp-block-heading\">HYVITYS<\/h5>\n\n\n\n<p>Voidaksesi saada hyvityksen, tuotteen tulee olla k\u00e4ytt\u00e4m\u00e4t\u00f6n ja samassa kunnossa kuin olet saanut sen. Se on my\u00f6s oltava alkuper\u00e4isess\u00e4 pakkauksessa. Tarvitsemme kuitin tai ostotodistuksen. Kun palautuksesi on vastaanotettu ja tarkastettu, palautamme rahasi. Hyvitys tehd\u00e4\u00e4n alkuper\u00e4isell\u00e4 maksutavalla 2-5 ty\u00f6p\u00e4iv\u00e4n sis\u00e4ll\u00e4. Hyv\u00e4ksymme palautuksia tai vaihtoja vain Tero Puhan verkkokaupasta ostetuista tuotteista.&nbsp;<\/p>\n\n\n\n<p>K\u00e4sittelemme palautuksen 2-5 ty\u00f6p\u00e4iv\u00e4ss\u00e4. Pid\u00e4t\u00e4mme oikeuden arvioida kauppatavaran ja selvitt\u00e4\u00e4, onko vahinko on seurausta viallisesta k\u00e4yt\u00f6st\u00e4 vai tuotantovirheest\u00e4.<\/p>\n\n\n\n<h5 class=\"wp-block-heading\">VAIHDOT<\/h5>\n\n\n\n<p>Vaihtopyynn\u00f6t normaalihintaisesta tuotteestaon teht\u00e4v\u00e4 14 p\u00e4iv\u00e4n sis\u00e4ll\u00e4 tilauksen vastaanottamisesta . L\u00e4hett\u00e4 meille s\u00e4hk\u00f6postia osoitteeseen shop(a)teropuha.com. Sis\u00e4llyt\u00e4 pyynt\u00f6 my\u00f6s palautuksesi sis\u00e4lle. L\u00e4het\u00e4 tuote takaisin meille ja me l\u00e4het\u00e4mme uuden tuotteen. &nbsp;<\/p>\n\n\n\n<h5 class=\"wp-block-heading\"><b>ALETUOTTEET<\/b><\/h5>\n\n\n\n<p>Vain normaalihintaiset tuotteet voidaan palauttaa. Alennustuotteita ei hyvitet\u00e4.<\/p>\n\n\n\n<h5 class=\"wp-block-heading\">KYSYMYKSI\u00c4?<\/h5>\n\n\n\n<p>Jos sinulla on kysytt\u00e4v\u00e4\u00e4 palautuksesta tai vaihdosta, ota yhteytt\u00e4 osoitteeseen shop(a)teropuha.com<\/p>","protected":false},"excerpt":{"rendered":"<p>RETURNS If for any reason you are not entirely satisfied with your purchase at Tero Puha Online Store, you are welcome to return the products to us. You have 14 days from the day you received your order to return or exchange. If 14 days have passed since your delivery, unfortunately we can\u2019t exchange or [&hellip;]<\/p>\n","protected":false},"author":1,"featured_media":0,"parent":0,"menu_order":0,"comment_status":"closed","ping_status":"closed","template":"","meta":{"_uag_custom_page_level_css":"","site-sidebar-layout":"default","site-content-layout":"","ast-site-content-layout":"default","site-content-style":"default","site-sidebar-style":"default","ast-global-header-display":"","ast-banner-title-visibility":"","ast-main-header-display":"","ast-hfb-above-header-display":"","ast-hfb-below-header-display":"","ast-hfb-mobile-header-display":"","site-post-title":"disabled","ast-breadcrumbs-content":"","ast-featured-img":"","footer-sml-layout":"","ast-disable-related-posts":"","theme-transparent-header-meta":"","adv-header-id-meta":"","stick-header-meta":"","header-above-stick-meta":"","header-main-stick-meta":"","header-below-stick-meta":"","astra-migrate-meta-layouts":"default","ast-page-background-enabled":"default","ast-page-background-meta":{"desktop":{"background-color":"var(--ast-global-color-4)","background-image":"","background-repeat":"repeat","background-position":"center center","background-size":"auto","background-attachment":"scroll","background-type":"","background-media":"","overlay-type":"","overlay-color":"","overlay-opacity":"","overlay-gradient":""},"tablet":{"background-color":"","background-image":"","background-repeat":"repeat","background-position":"center center","background-size":"auto","background-attachment":"scroll","background-type":"","background-media":"","overlay-type":"","overlay-color":"","overlay-opacity":"","overlay-gradient":""},"mobile":{"background-color":"","background-image":"","background-repeat":"repeat","background-position":"center center","background-size":"auto","background-attachment":"scroll","background-type":"","background-media":"","overlay-type":"","overlay-color":"","overlay-opacity":"","overlay-gradient":""}},"ast-content-background-meta":{"desktop":{"background-color":"var(--ast-global-color-5)","background-image":"","background-repeat":"repeat","background-position":"center center","background-size":"auto","background-attachment":"scroll","background-type":"","background-media":"","overlay-type":"","overlay-color":"","overlay-opacity":"","overlay-gradient":""},"tablet":{"background-color":"var(--ast-global-color-5)","background-image":"","background-repeat":"repeat","background-position":"center center","background-size":"auto","background-attachment":"scroll","background-type":"","background-media":"","overlay-type":"","overlay-color":"","overlay-opacity":"","overlay-gradient":""},"mobile":{"background-color":"var(--ast-global-color-5)","background-image":"","background-repeat":"repeat","background-position":"center center","background-size":"auto","background-attachment":"scroll","background-type":"","background-media":"","overlay-type":"","overlay-color":"","overlay-opacity":"","overlay-gradient":""}},"footnotes":""},"class_list":["post-10","page","type-page","status-publish","hentry"],"yoast_head":"<!-- This site is optimized with the Yoast SEO plugin v27.1.1 - https:\/\/yoast.com\/product\/yoast-seo-wordpress\/ -->\n<title>Refund and Returns Policy - Tero Puha Online Store<\/title>\n<meta name=\"robots\" content=\"index, follow, max-snippet:-1, max-image-preview:large, max-video-preview:-1\" \/>\n<link rel=\"canonical\" href=\"https:\/\/www.shop.teropuha.com\/fi\/refund_returns\/\" \/>\n<meta property=\"og:locale\" content=\"fi_FI\" \/>\n<meta property=\"og:type\" content=\"article\" \/>\n<meta property=\"og:title\" content=\"Refund and Returns Policy - Tero Puha Online Store\" \/>\n<meta property=\"og:description\" content=\"RETURNS If for any reason you are not entirely satisfied with your purchase at Tero Puha Online Store, you are welcome to return the products to us. You have 14 days from the day you received your order to return or exchange. If 14 days have passed since your delivery, unfortunately we can\u2019t exchange or [&hellip;]\" \/>\n<meta property=\"og:url\" content=\"https:\/\/www.shop.teropuha.com\/fi\/refund_returns\/\" \/>\n<meta property=\"og:site_name\" content=\"Tero Puha Online Store\" \/>\n<meta property=\"article:publisher\" content=\"https:\/\/www.facebook.com\/teropuhavisualartist\/\" \/>\n<meta property=\"article:modified_time\" content=\"2023-04-24T20:35:12+00:00\" \/>\n<meta name=\"twitter:card\" content=\"summary_large_image\" \/>\n<meta name=\"twitter:site\" content=\"@TeroPuha\" \/>\n<meta name=\"twitter:label1\" content=\"Arvioitu lukuaika\" \/>\n\t<meta name=\"twitter:data1\" content=\"2 minuuttia\" \/>\n<script type=\"application\/ld+json\" class=\"yoast-schema-graph\">{\"@context\":\"https:\/\/schema.org\",\"@graph\":[{\"@type\":\"WebPage\",\"@id\":\"https:\/\/www.shop.teropuha.com\/fi\/refund_returns\/\",\"url\":\"https:\/\/www.shop.teropuha.com\/fi\/refund_returns\/\",\"name\":\"Refund and Returns Policy - Tero Puha Online Store\",\"isPartOf\":{\"@id\":\"https:\/\/www.shop.teropuha.com\/fi\/#website\"},\"datePublished\":\"2023-04-23T10:24:56+00:00\",\"dateModified\":\"2023-04-24T20:35:12+00:00\",\"breadcrumb\":{\"@id\":\"https:\/\/www.shop.teropuha.com\/fi\/refund_returns\/#breadcrumb\"},\"inLanguage\":\"fi\",\"potentialAction\":[{\"@type\":\"ReadAction\",\"target\":[\"https:\/\/www.shop.teropuha.com\/fi\/refund_returns\/\"]}]},{\"@type\":\"BreadcrumbList\",\"@id\":\"https:\/\/www.shop.teropuha.com\/fi\/refund_returns\/#breadcrumb\",\"itemListElement\":[{\"@type\":\"ListItem\",\"position\":1,\"name\":\"Home\",\"item\":\"https:\/\/www.shop.teropuha.com\/\"},{\"@type\":\"ListItem\",\"position\":2,\"name\":\"Refund and Returns Policy\"}]},{\"@type\":\"WebSite\",\"@id\":\"https:\/\/www.shop.teropuha.com\/fi\/#website\",\"url\":\"https:\/\/www.shop.teropuha.com\/fi\/\",\"name\":\"Tero Puha Online Store\",\"description\":\"Tero Puha\",\"publisher\":{\"@id\":\"https:\/\/www.shop.teropuha.com\/fi\/#organization\"},\"alternateName\":\"Tero Puha\",\"potentialAction\":[{\"@type\":\"SearchAction\",\"target\":{\"@type\":\"EntryPoint\",\"urlTemplate\":\"https:\/\/www.shop.teropuha.com\/fi\/?s={search_term_string}\"},\"query-input\":{\"@type\":\"PropertyValueSpecification\",\"valueRequired\":true,\"valueName\":\"search_term_string\"}}],\"inLanguage\":\"fi\"},{\"@type\":\"Organization\",\"@id\":\"https:\/\/www.shop.teropuha.com\/fi\/#organization\",\"name\":\"Tero Puha Visual Arts\",\"url\":\"https:\/\/www.shop.teropuha.com\/fi\/\",\"logo\":{\"@type\":\"ImageObject\",\"inLanguage\":\"fi\",\"@id\":\"https:\/\/www.shop.teropuha.com\/fi\/#\/schema\/logo\/image\/\",\"url\":\"https:\/\/www.shop.teropuha.com\/wp-content\/uploads\/2025\/10\/logo_2025.jpg\",\"contentUrl\":\"https:\/\/www.shop.teropuha.com\/wp-content\/uploads\/2025\/10\/logo_2025.jpg\",\"width\":803,\"height\":452,\"caption\":\"Tero Puha Visual Arts\"},\"image\":{\"@id\":\"https:\/\/www.shop.teropuha.com\/fi\/#\/schema\/logo\/image\/\"},\"sameAs\":[\"https:\/\/www.facebook.com\/teropuhavisualartist\/\",\"https:\/\/x.com\/TeroPuha\"]}]}<\/script>\n<!-- \/ Yoast SEO plugin. -->","yoast_head_json":{"title":"Refund and Returns Policy - Tero Puha Online Store","robots":{"index":"index","follow":"follow","max-snippet":"max-snippet:-1","max-image-preview":"max-image-preview:large","max-video-preview":"max-video-preview:-1"},"canonical":"https:\/\/www.shop.teropuha.com\/fi\/refund_returns\/","og_locale":"fi_FI","og_type":"article","og_title":"Refund and Returns Policy - Tero Puha Online Store","og_description":"RETURNS If for any reason you are not entirely satisfied with your purchase at Tero Puha Online Store, you are welcome to return the products to us. You have 14 days from the day you received your order to return or exchange. If 14 days have passed since your delivery, unfortunately we can\u2019t exchange or [&hellip;]","og_url":"https:\/\/www.shop.teropuha.com\/fi\/refund_returns\/","og_site_name":"Tero Puha Online Store","article_publisher":"https:\/\/www.facebook.com\/teropuhavisualartist\/","article_modified_time":"2023-04-24T20:35:12+00:00","twitter_card":"summary_large_image","twitter_site":"@TeroPuha","twitter_misc":{"Arvioitu lukuaika":"2 minuuttia"},"schema":{"@context":"https:\/\/schema.org","@graph":[{"@type":"WebPage","@id":"https:\/\/www.shop.teropuha.com\/fi\/refund_returns\/","url":"https:\/\/www.shop.teropuha.com\/fi\/refund_returns\/","name":"Refund and Returns Policy - Tero Puha Online Store","isPartOf":{"@id":"https:\/\/www.shop.teropuha.com\/fi\/#website"},"datePublished":"2023-04-23T10:24:56+00:00","dateModified":"2023-04-24T20:35:12+00:00","breadcrumb":{"@id":"https:\/\/www.shop.teropuha.com\/fi\/refund_returns\/#breadcrumb"},"inLanguage":"fi","potentialAction":[{"@type":"ReadAction","target":["https:\/\/www.shop.teropuha.com\/fi\/refund_returns\/"]}]},{"@type":"BreadcrumbList","@id":"https:\/\/www.shop.teropuha.com\/fi\/refund_returns\/#breadcrumb","itemListElement":[{"@type":"ListItem","position":1,"name":"Home","item":"https:\/\/www.shop.teropuha.com\/"},{"@type":"ListItem","position":2,"name":"Refund and Returns Policy"}]},{"@type":"WebSite","@id":"https:\/\/www.shop.teropuha.com\/fi\/#website","url":"https:\/\/www.shop.teropuha.com\/fi\/","name":"Tero Puha Verkkokauppa","description":"Tero Puha","publisher":{"@id":"https:\/\/www.shop.teropuha.com\/fi\/#organization"},"alternateName":"Tero Puha","potentialAction":[{"@type":"SearchAction","target":{"@type":"EntryPoint","urlTemplate":"https:\/\/www.shop.teropuha.com\/fi\/?s={search_term_string}"},"query-input":{"@type":"PropertyValueSpecification","valueRequired":true,"valueName":"search_term_string"}}],"inLanguage":"fi"},{"@type":"Organization","@id":"https:\/\/www.shop.teropuha.com\/fi\/#organization","name":"Tero Puha Visual Arts","url":"https:\/\/www.shop.teropuha.com\/fi\/","logo":{"@type":"ImageObject","inLanguage":"fi","@id":"https:\/\/www.shop.teropuha.com\/fi\/#\/schema\/logo\/image\/","url":"https:\/\/www.shop.teropuha.com\/wp-content\/uploads\/2025\/10\/logo_2025.jpg","contentUrl":"https:\/\/www.shop.teropuha.com\/wp-content\/uploads\/2025\/10\/logo_2025.jpg","width":803,"height":452,"caption":"Tero Puha Visual Arts"},"image":{"@id":"https:\/\/www.shop.teropuha.com\/fi\/#\/schema\/logo\/image\/"},"sameAs":["https:\/\/www.facebook.com\/teropuhavisualartist\/","https:\/\/x.com\/TeroPuha"]}]}},"uagb_featured_image_src":{"full":false,"thumbnail":false,"medium":false,"medium_large":false,"large":false,"1536x1536":false,"2048x2048":false,"trp-custom-language-flag":false,"mailpoet_newsletter_max":false,"woocommerce_thumbnail":false,"woocommerce_single":false,"woocommerce_gallery_thumbnail":false},"uagb_author_info":{"display_name":"admin","author_link":"https:\/\/www.shop.teropuha.com\/fi\/author\/admin\/"},"uagb_comment_info":0,"uagb_excerpt":"RETURNS If for any reason you are not entirely satisfied with your purchase at Tero Puha Online Store, you are welcome to return the products to us. You have 14 days from the day you received your order to return or exchange. If 14 days have passed since your delivery, unfortunately we can\u2019t exchange or&hellip;","_links":{"self":[{"href":"https:\/\/www.shop.teropuha.com\/fi\/wp-json\/wp\/v2\/pages\/10","targetHints":{"allow":["GET"]}}],"collection":[{"href":"https:\/\/www.shop.teropuha.com\/fi\/wp-json\/wp\/v2\/pages"}],"about":[{"href":"https:\/\/www.shop.teropuha.com\/fi\/wp-json\/wp\/v2\/types\/page"}],"author":[{"embeddable":true,"href":"https:\/\/www.shop.teropuha.com\/fi\/wp-json\/wp\/v2\/users\/1"}],"replies":[{"embeddable":true,"href":"https:\/\/www.shop.teropuha.com\/fi\/wp-json\/wp\/v2\/comments?post=10"}],"version-history":[{"count":0,"href":"https:\/\/www.shop.teropuha.com\/fi\/wp-json\/wp\/v2\/pages\/10\/revisions"}],"wp:attachment":[{"href":"https:\/\/www.shop.teropuha.com\/fi\/wp-json\/wp\/v2\/media?parent=10"}],"curies":[{"name":"wp","href":"https:\/\/api.w.org\/{rel}","templated":true}]}}